{"id":1042,"date":"2022-07-18T14:47:09","date_gmt":"2022-07-18T12:47:09","guid":{"rendered":"https:\/\/lamiecynophile.fr\/?page_id=1042"},"modified":"2022-07-18T14:56:50","modified_gmt":"2022-07-18T12:56:50","slug":"la-maltraitance-passive","status":"publish","type":"page","link":"https:\/\/lamiecynophile.fr\/?page_id=1042","title":{"rendered":"La maltraitance passive"},"content":{"rendered":"<div class=\"wp-block-image\">\n<figure class=\"aligncenter size-full\"><img loading=\"lazy\" decoding=\"async\" width=\"800\" height=\"600\" src=\"https:\/\/lamiecynophile.fr\/wp-content\/uploads\/2022\/07\/maltraitances-passives.png\" alt=\"\" class=\"wp-image-1046\" srcset=\"https:\/\/lamiecynophile.fr\/wp-content\/uploads\/2022\/07\/maltraitances-passives.png 800w, https:\/\/lamiecynophile.fr\/wp-content\/uploads\/2022\/07\/maltraitances-passives-300x225.png 300w, https:\/\/lamiecynophile.fr\/wp-content\/uploads\/2022\/07\/maltraitances-passives-768x576.png 768w, https:\/\/lamiecynophile.fr\/wp-content\/uploads\/2022\/07\/maltraitances-passives-80x60.png 80w, https:\/\/lamiecynophile.fr\/wp-content\/uploads\/2022\/07\/maltraitances-passives-600x450.png 600w\" sizes=\"auto, (max-width: 800px) 100vw, 800px\" \/><\/figure><\/div>\n\n\n<p>La maltraitance passive qu&rsquo;est ce que c&rsquo;est ?<\/p>\n\n\n\n<p>On connait tr\u00e8s bien ce qu&rsquo;on appelle la maltraitance active qui est s\u00e9v\u00e8rement punie par le Code P\u00e9nal (Article 521-1) jusqu&rsquo;\u00e0 45 000 \u20ac d&rsquo;amende et 3 ans de prison. Elle comprend les coups et blessures, les abandons, la privation de nourriture et d&rsquo;eau, l&rsquo;utilisation de de contention pouvant blesser l&rsquo;animal, la privation de soins&#8230;..<\/p>\n\n\n\n<p>Cependant une autre forme de maltraitance peu connu fait rage et dont beaucoup de chien souffre. Il s&rsquo;agit de la maltraitance passive.<\/p>\n\n\n\n<p>Il s&rsquo;agit de maltraitance passive par n\u00e9gligence et souvent par m\u00e9connaissance.<\/p>\n\n\n\n<p>Elle comprend :<\/p>\n\n\n\n<p>&#8211; le non apport de soin chez un chien malade ou bless\u00e9 (ceci entre \u00e9galement dans le cadre des maltraitance active d\u00e9j\u00e0 punie par la loi) mais beaucoup de \u00ab\u00a0petits bobos\u00a0\u00bb tr\u00e8s douloureux ou difficile \u00e0 gu\u00e9rir ne doivent pas \u00eatre ignor\u00e9s<\/p>\n\n\n\n<p>&#8211; laisser des enfants ne pas respecter le chien : sous pr\u00e9texte d&rsquo;avoir un chien \u00ab\u00a0gentil\u00a0\u00bb il ne faut pas laisser ses enfants monter sur le chien, lui tirer les poils, les oreilles, la queue&#8230;.<\/p>\n\n\n\n<p>&#8211; laisser son chien enferm\u00e9 dans une cage pendant des heures est \u00e9galement une forme de maltraitance, un espace restreint avec peu d&rsquo;espace pour se mouvoir peut engendrer un stress ainsi que des douleurs ost\u00e9o-musculaires pouvant devenir chronique au chien<\/p>\n\n\n\n<p>&#8211; imposer des manipulations incessantes ressenties comme d\u00e9sagr\u00e9ables par le chien : je pense ici surtout au petit chien qui ne touche presque jamais le sol, que l&rsquo;on habille comme une poup\u00e9e avec v\u00eatements et chaussures. Un chien n&rsquo;est pas une poup\u00e9e, c&rsquo;est un animal qui m\u00e9rite le respect de son int\u00e9grit\u00e9 en tant que chien. Aucun chien n&rsquo;aime \u00eatre autant manipul\u00e9 mais beaucoup les tol\u00e8re pour contenter leur ma\u00eetre.<\/p>\n\n\n\n<p>&#8211; le non respect du cycle de sommeil du chien : un chien \u00e0 besoin de beaucoup dormir et peut devenir irritable en cas de manque de sommeil, une chute des capacit\u00e9s cognitives et des troubles du comportement peuvent \u00eatre observ\u00e9 en cas de manque de sommeil chez le chien, il ne faut pas le d\u00e9ranger constamment quand il dort.<\/p>\n\n\n\n<p>&#8211; Laisser son chien en int\u00e9rieur sans possibilit\u00e9 d&rsquo;\u00e9liminations durant pus de 5 heures : ici j&rsquo;entend bien en journ\u00e9e, la nuit comme l&rsquo;\u00eatre humain l&rsquo;organisme fonctionne au ralenti. cependant en journ\u00e9e pousser un chien \u00e0 se retenir longtemps est douloureux et peut engendrer \u00e0 long terme des probl\u00e8mes r\u00e9naux et urinaires.<\/p>\n\n\n\n<p>&#8211; laisser son chien seul dans le jardin quotidiennement : dans le jardin comme dans la maison d&rsquo;ailleurs mais dans le jardin le chien peut avoir froid ou chaud, il peut souffrir des intemp\u00e9ries et du stress en cas de bruits inqui\u00e9tants. De plus les chiens sont des animaux sociaux, votre chien \u00e0 besoin de vous. Alors ici il n&rsquo;est pas question de vous culpabiliser, bien sur que vous pouvez avoir un chien et travailler, cependant pensez \u00e0 lui accorder du temps \u00e0 votre retour du travaille et pr\u00e9voir une visite au milieu de la journ\u00e9e si celle-ci est longue.<\/p>\n\n\n\n<p>-Priver son chien de contacts avec des cong\u00e9n\u00e8res : Oui un chien est un animal social, il a besoin de rencontrer, communiquer, jouer avec des cong\u00e9n\u00e8res pour \u00eatre heureux et lui \u00e9viter de d\u00e9velopper des troubles du comportement comme une agressivit\u00e9 par peur ou une pr\u00e9dation sur les autres chiens.<\/p>\n\n\n\n<p>&#8211; Ne pas promener son chien : un chien sauvage peut parcourir jusqu&rsquo;\u00e0 60 km par jour pour trouver sa nourriture, cela montre la capacit\u00e9 physique de nos amis poilus. Avoir un jardin ne dispense pas de promener son chien quotidiennement dans des endroits vari\u00e9s en lui permettant de renifler les odeurs avec des p\u00e9riodes de libert\u00e9 ou semi libert\u00e9. Votre jardin aussi grand soit-il ne reste qu&rsquo;une pi\u00e8ce de votre maison pour votre chien.<\/p>\n\n\n\n<p>La maltraitance passive n&rsquo;est actuellement pas punie par la loi, cependant une proposition de loi a \u00e9t\u00e9 d\u00e9pos\u00e9e le 28 janvier 2022 pour \u00e9tendre les actes de maltraitances animales \u00e0 la maltraitance passive et fixer plus pr\u00e9cis\u00e9ment et s\u00e9v\u00e8rement le curseur du d\u00e9part de la maltraitance.<\/p>\n\n\n\n<p>\u00a9 Copyright 2022 L\u2019amie cynophile<\/p>\n","protected":false},"excerpt":{"rendered":"<p>La maltraitance passive qu&rsquo;est ce que c&rsquo;est ? On connait tr\u00e8s bien ce qu&rsquo;on appelle la maltraitance active qui est s\u00e9v\u00e8rement punie par le Code P\u00e9nal (Article 521-1) jusqu&rsquo;\u00e0 45 000 \u20ac d&rsquo;amende et 3 ans de prison. Elle comprend les coups et blessures, les abandons, la privation de nourriture et d&rsquo;eau, l&rsquo;utilisation de de &hellip; <\/p>\n","protected":false},"author":1,"featured_media":0,"parent":0,"menu_order":0,"comment_status":"closed","ping_status":"closed","template":"","meta":{"footnotes":""},"class_list":["post-1042","page","type-page","status-publish","hentry"],"jetpack_sharing_enabled":true,"_links":{"self":[{"href":"https:\/\/lamiecynophile.fr\/index.php?rest_route=\/wp\/v2\/pages\/1042","targetHints":{"allow":["GET"]}}],"collection":[{"href":"https:\/\/lamiecynophile.fr\/index.php?rest_route=\/wp\/v2\/pages"}],"about":[{"href":"https:\/\/lamiecynophile.fr\/index.php?rest_route=\/wp\/v2\/types\/page"}],"author":[{"embeddable":true,"href":"https:\/\/lamiecynophile.fr\/index.php?rest_route=\/wp\/v2\/users\/1"}],"replies":[{"embeddable":true,"href":"https:\/\/lamiecynophile.fr\/index.php?rest_route=%2Fwp%2Fv2%2Fcomments&post=1042"}],"version-history":[{"count":3,"href":"https:\/\/lamiecynophile.fr\/index.php?rest_route=\/wp\/v2\/pages\/1042\/revisions"}],"predecessor-version":[{"id":1048,"href":"https:\/\/lamiecynophile.fr\/index.php?rest_route=\/wp\/v2\/pages\/1042\/revisions\/1048"}],"wp:attachment":[{"href":"https:\/\/lamiecynophile.fr\/index.php?rest_route=%2Fwp%2Fv2%2Fmedia&parent=1042"}],"curies":[{"name":"wp","href":"https:\/\/api.w.org\/{rel}","templated":true}]}}