{"id":1361,"date":"2024-04-19T21:16:31","date_gmt":"2024-04-19T19:16:31","guid":{"rendered":"https:\/\/lamiecynophile.fr\/?page_id=1361"},"modified":"2025-07-05T22:33:49","modified_gmt":"2025-07-05T20:33:49","slug":"centre-deducation-et-de-sport-canin-de-lamie-cynophile","status":"publish","type":"page","link":"https:\/\/lamiecynophile.fr\/?page_id=1361","title":{"rendered":"Centre d&rsquo;Education et de Sport Canin de l&rsquo;Amie Cynophile"},"content":{"rendered":"\n<figure class=\"wp-block-image size-large\"><img loading=\"lazy\" decoding=\"async\" width=\"1024\" height=\"508\" src=\"https:\/\/lamiecynophile.fr\/wp-content\/uploads\/2025\/07\/489940350_1401937321162144_6435904547610219146_n-1024x508.jpg\" alt=\"\" class=\"wp-image-2567\" srcset=\"https:\/\/lamiecynophile.fr\/wp-content\/uploads\/2025\/07\/489940350_1401937321162144_6435904547610219146_n-1024x508.jpg 1024w, https:\/\/lamiecynophile.fr\/wp-content\/uploads\/2025\/07\/489940350_1401937321162144_6435904547610219146_n-300x149.jpg 300w, https:\/\/lamiecynophile.fr\/wp-content\/uploads\/2025\/07\/489940350_1401937321162144_6435904547610219146_n-768x381.jpg 768w, https:\/\/lamiecynophile.fr\/wp-content\/uploads\/2025\/07\/489940350_1401937321162144_6435904547610219146_n-1536x762.jpg 1536w, https:\/\/lamiecynophile.fr\/wp-content\/uploads\/2025\/07\/489940350_1401937321162144_6435904547610219146_n-600x298.jpg 600w, https:\/\/lamiecynophile.fr\/wp-content\/uploads\/2025\/07\/489940350_1401937321162144_6435904547610219146_n.jpg 1920w\" sizes=\"auto, (max-width: 1024px) 100vw, 1024px\" \/><\/figure>\n\n\n\n<h2 class=\"wp-block-heading\">Qu&rsquo;est ce que c&rsquo;est ?<\/h2>\n\n\n\n<p>Le centre canin situ\u00e9 sur la commune du Louroux Beconnais s\u2019\u00e9tant sur pr\u00e8s de 4\u00a0000m\u00b2. Il vous accueil pour vous aider dans l\u2019\u00e9ducation de votre chien mais \u00e9galement pour votre proposer l\u2019acc\u00e8s au sport canin.<\/p>\n\n\n\n<div style=\"height:100px\" aria-hidden=\"true\" class=\"wp-block-spacer\"><\/div>\n\n\n\n<p><strong>Services&nbsp;:<\/strong><\/p>\n\n\n\n<ul class=\"wp-block-list\">\n<li>Education canine tout \u00e2ge, toute race (cours particulier ou collectif)<\/li>\n\n\n\n<li>R\u00e9\u00e9ducation des troubles du comportement (cours particulier ou collectif)<\/li>\n\n\n\n<li>Agility (cours particulier) Sport canin tr\u00e8s populaire consistant \u00e0 guider son chien dans un parcours d\u2019obstacle.<\/li>\n\n\n\n<li>Hoopers (cours particulier) Le Hoppers, qu\u2019est ce que c\u2019est ? C\u2019est un sport canin qui consiste \u00e0 guider \u00e0 distance son chien \u00e0 travers un parcours d\u2019obstacles n\u2019incluant pas de sauts. Cette discipline ouverte \u00e0 toute race et tout propri\u00e9taire m\u00eame \u00e0 mobilit\u00e9 r\u00e9duite, saura vous amuser, entretenir votre relation et am\u00e9liorer le focus et l\u2019\u00e9coute de votre chien.<\/li>\n\n\n\n<li>Attestation d\u2019aptitude \u00e0 la d\u00e9tention d\u2019un chien de cat\u00e9gories 1 et 2&nbsp;: Vous allez adopter un chien dit dangereux, de cat\u00e9gorie 1 ou 2 ? (un American Staff, un Rottweiler, un Tosa, un Mastiff ou un chien de race apparent\u00e9) Vous devez demander un permis de d\u00e9tention \u00e0 la mairie de votre ville de r\u00e9sidence qui vous demandera une&nbsp;<strong>Attestation d\u2019Aptitude \u00e0 la D\u00e9tention d\u2019un Chien Dangereux.&nbsp;<\/strong>Je suis depuis novembre 2022 habilit\u00e9 \u00e0 vous d\u00e9livrer cette attestation. Apr\u00e8s une formation d\u2019actualit\u00e9 (Bye Bye les veilles croyances!) et compl\u00e8te de 7 heures sur une journ\u00e9e (9h \u00e0 12h et 14 \u00e0 17h) pr\u00e9par\u00e9e par mes soins, l\u2019attestation vous sera remise. Formation en groupe : \u00e0 des dates pr\u00e9cises pouvant accueillir 10 personnes de 9h \u00e0 12h et de 13h \u00e0 17h, 100 euros<\/li>\n\n\n\n<li>Stage \u00e0 th\u00e8me (communication canine, cynophobie, cognition canine, sport canin\u2026)<\/li>\n<\/ul>\n\n\n\n<p>Tous cours, terrain sans coach, acc\u00e8s aux stages sont accessibles uniquement sur r\u00e9servation <\/p>\n\n\n\n<div class=\"wp-block-buttons is-content-justification-center is-layout-flex wp-container-core-buttons-is-layout-16018d1d wp-block-buttons-is-layout-flex\">\n<div class=\"wp-block-button\"><a class=\"wp-block-button__link wp-element-button\" href=\"https:\/\/lamiecynophile.fr\/?post_type=product\"><mark style=\"background-color:rgba(0, 0, 0, 0);color:#fd9999\" class=\"has-inline-color\">R\u00e9servation ici<\/mark><\/a><\/div>\n<\/div>\n\n\n\n<div style=\"height:100px\" aria-hidden=\"true\" class=\"wp-block-spacer\"><\/div>\n\n\n\n<p>Un CLUB HOUSE est \u00e0 votre disposition pour vous d\u00e9tendre entre deux entrainements&nbsp;:<\/p>\n\n\n\n<ul class=\"wp-block-list\">\n<li>Toilettes<\/li>\n\n\n\n<li>Boissons froides ou chaudes \u00e0 la vente<\/li>\n<\/ul>\n\n\n\n<figure class=\"wp-block-image\"><img loading=\"lazy\" decoding=\"async\" width=\"1024\" height=\"768\" src=\"https:\/\/lamiecynophile.fr\/wp-content\/uploads\/2024\/05\/440382448_1524897794722162_5132912321313263447_n-1024x768.jpg\" alt=\"\" class=\"wp-image-1571\" srcset=\"https:\/\/lamiecynophile.fr\/wp-content\/uploads\/2024\/05\/440382448_1524897794722162_5132912321313263447_n-1024x768.jpg 1024w, https:\/\/lamiecynophile.fr\/wp-content\/uploads\/2024\/05\/440382448_1524897794722162_5132912321313263447_n-300x225.jpg 300w, https:\/\/lamiecynophile.fr\/wp-content\/uploads\/2024\/05\/440382448_1524897794722162_5132912321313263447_n-768x576.jpg 768w, https:\/\/lamiecynophile.fr\/wp-content\/uploads\/2024\/05\/440382448_1524897794722162_5132912321313263447_n-1536x1152.jpg 1536w, https:\/\/lamiecynophile.fr\/wp-content\/uploads\/2024\/05\/440382448_1524897794722162_5132912321313263447_n-80x60.jpg 80w, https:\/\/lamiecynophile.fr\/wp-content\/uploads\/2024\/05\/440382448_1524897794722162_5132912321313263447_n-600x450.jpg 600w, https:\/\/lamiecynophile.fr\/wp-content\/uploads\/2024\/05\/440382448_1524897794722162_5132912321313263447_n.jpg 2016w\" sizes=\"auto, (max-width: 1024px) 100vw, 1024px\" \/><\/figure>\n\n\n\n<p class=\"has-text-align-center\">&#8211;<\/p>\n\n\n\n<p>Toutes s\u00e9ances d&rsquo;\u00e9ducation, de sport canin au Centre sont \u00e0 r\u00e9server en ligne<\/p>\n\n\n\n<div class=\"wp-block-buttons is-content-justification-center is-layout-flex wp-container-core-buttons-is-layout-16018d1d wp-block-buttons-is-layout-flex\">\n<div class=\"wp-block-button\"><a class=\"wp-block-button__link wp-element-button\" href=\"https:\/\/lamiecynophile.fr\/?post_type=product\"><mark style=\"background-color:rgba(0, 0, 0, 0);color:#fd9999\" class=\"has-inline-color\">R\u00e9servation ici<\/mark><\/a><\/div>\n<\/div>\n\n\n\n<div style=\"height:100px\" aria-hidden=\"true\" class=\"wp-block-spacer\"><\/div>\n\n\n\n<h2 class=\"wp-block-heading\">Ev\u00e9nements au centre canin <\/h2>\n\n\n\n<figure class=\"wp-block-gallery has-nested-images columns-default is-cropped wp-block-gallery-1 is-layout-flex wp-block-gallery-is-layout-flex\">\n<figure class=\"wp-block-image size-large\"><img loading=\"lazy\" decoding=\"async\" width=\"724\" height=\"1024\" data-id=\"2511\" src=\"https:\/\/lamiecynophile.fr\/wp-content\/uploads\/2025\/07\/Affiche-evenement-vide-dressing-retro-illustratif-coloree-1-1086x1536-1-724x1024.png\" alt=\"\" class=\"wp-image-2511\" srcset=\"https:\/\/lamiecynophile.fr\/wp-content\/uploads\/2025\/07\/Affiche-evenement-vide-dressing-retro-illustratif-coloree-1-1086x1536-1-724x1024.png 724w, https:\/\/lamiecynophile.fr\/wp-content\/uploads\/2025\/07\/Affiche-evenement-vide-dressing-retro-illustratif-coloree-1-1086x1536-1-212x300.png 212w, https:\/\/lamiecynophile.fr\/wp-content\/uploads\/2025\/07\/Affiche-evenement-vide-dressing-retro-illustratif-coloree-1-1086x1536-1-768x1086.png 768w, https:\/\/lamiecynophile.fr\/wp-content\/uploads\/2025\/07\/Affiche-evenement-vide-dressing-retro-illustratif-coloree-1-1086x1536-1-600x849.png 600w, https:\/\/lamiecynophile.fr\/wp-content\/uploads\/2025\/07\/Affiche-evenement-vide-dressing-retro-illustratif-coloree-1-1086x1536-1.png 1086w\" sizes=\"auto, (max-width: 724px) 100vw, 724px\" \/><\/figure>\n\n\n\n<figure class=\"wp-block-image size-large\"><img loading=\"lazy\" decoding=\"async\" width=\"580\" height=\"853\" data-id=\"2510\" src=\"https:\/\/lamiecynophile.fr\/wp-content\/uploads\/2025\/07\/concours-1.png\" alt=\"\" class=\"wp-image-2510\" srcset=\"https:\/\/lamiecynophile.fr\/wp-content\/uploads\/2025\/07\/concours-1.png 580w, https:\/\/lamiecynophile.fr\/wp-content\/uploads\/2025\/07\/concours-1-204x300.png 204w\" sizes=\"auto, (max-width: 580px) 100vw, 580px\" \/><\/figure>\n<\/figure>\n\n\n\n<div style=\"height:100px\" aria-hidden=\"true\" class=\"wp-block-spacer\"><\/div>\n\n\n\n<h2 class=\"wp-block-heading\">Informations utiles<\/h2>\n\n\n\n<p><strong>Acc\u00e8s au centre :<\/strong><\/p>\n\n\n\n<p>Domaine du Pey<br>Le Louroux-Beconnais<br>49370 VAL D\u2019ERDRE AUXENCE<\/p>\n\n\n\n<p>Pour y acc\u00e9der en arrivant d\u2019Angers vous devez prendre \u00e0 gauche au premier rond-point puis \u00e0 gauche apr\u00e8s le parking. Continuez tout droit jusqu\u2019au petit ch\u00e2teau et tournez \u00e0 droite juste avant, garez-vous devant le b\u00e2timent d&rsquo;&nbsp;\u00bbALAE&nbsp;\u00bb et descendez le chemin en terre \u00e0 pied et vous verrez le centre sur votre gauche en bas du chemin.<\/p>\n\n\n\n<figure class=\"wp-block-image\"><img loading=\"lazy\" decoding=\"async\" width=\"1024\" height=\"467\" src=\"https:\/\/lamiecynophile.fr\/wp-content\/uploads\/2024\/05\/acces-terrain-1024x467.png\" alt=\"\" class=\"wp-image-1569\" srcset=\"https:\/\/lamiecynophile.fr\/wp-content\/uploads\/2024\/05\/acces-terrain-1024x467.png 1024w, https:\/\/lamiecynophile.fr\/wp-content\/uploads\/2024\/05\/acces-terrain-300x137.png 300w, https:\/\/lamiecynophile.fr\/wp-content\/uploads\/2024\/05\/acces-terrain-768x350.png 768w, https:\/\/lamiecynophile.fr\/wp-content\/uploads\/2024\/05\/acces-terrain-1536x701.png 1536w, https:\/\/lamiecynophile.fr\/wp-content\/uploads\/2024\/05\/acces-terrain-132x60.png 132w, https:\/\/lamiecynophile.fr\/wp-content\/uploads\/2024\/05\/acces-terrain-600x274.png 600w, https:\/\/lamiecynophile.fr\/wp-content\/uploads\/2024\/05\/acces-terrain.png 1791w\" sizes=\"auto, (max-width: 1024px) 100vw, 1024px\" \/><\/figure>\n\n\n\n<p><\/p>\n\n\n\n<p><\/p>\n","protected":false},"excerpt":{"rendered":"<p>Qu&rsquo;est ce que c&rsquo;est ? Le centre canin situ\u00e9 sur la commune du Louroux Beconnais s\u2019\u00e9tant sur pr\u00e8s de 4\u00a0000m\u00b2. Il vous accueil pour vous aider dans l\u2019\u00e9ducation de votre chien mais \u00e9galement pour votre proposer l\u2019acc\u00e8s au sport canin. Services&nbsp;: Tous cours, terrain sans coach, acc\u00e8s aux stages sont accessibles uniquement sur r\u00e9servation Un &hellip; <\/p>\n","protected":false},"author":1,"featured_media":0,"parent":0,"menu_order":0,"comment_status":"closed","ping_status":"closed","template":"","meta":{"footnotes":""},"class_list":["post-1361","page","type-page","status-publish","hentry"],"jetpack_sharing_enabled":true,"_links":{"self":[{"href":"https:\/\/lamiecynophile.fr\/index.php?rest_route=\/wp\/v2\/pages\/1361","targetHints":{"allow":["GET"]}}],"collection":[{"href":"https:\/\/lamiecynophile.fr\/index.php?rest_route=\/wp\/v2\/pages"}],"about":[{"href":"https:\/\/lamiecynophile.fr\/index.php?rest_route=\/wp\/v2\/types\/page"}],"author":[{"embeddable":true,"href":"https:\/\/lamiecynophile.fr\/index.php?rest_route=\/wp\/v2\/users\/1"}],"replies":[{"embeddable":true,"href":"https:\/\/lamiecynophile.fr\/index.php?rest_route=%2Fwp%2Fv2%2Fcomments&post=1361"}],"version-history":[{"count":14,"href":"https:\/\/lamiecynophile.fr\/index.php?rest_route=\/wp\/v2\/pages\/1361\/revisions"}],"predecessor-version":[{"id":2592,"href":"https:\/\/lamiecynophile.fr\/index.php?rest_route=\/wp\/v2\/pages\/1361\/revisions\/2592"}],"wp:attachment":[{"href":"https:\/\/lamiecynophile.fr\/index.php?rest_route=%2Fwp%2Fv2%2Fmedia&parent=1361"}],"curies":[{"name":"wp","href":"https:\/\/api.w.org\/{rel}","templated":true}]}}