{"id":2492,"date":"2025-07-05T14:48:24","date_gmt":"2025-07-05T12:48:24","guid":{"rendered":"https:\/\/lamiecynophile.fr\/?page_id=2492"},"modified":"2025-07-06T12:12:53","modified_gmt":"2025-07-06T10:12:53","slug":"sports-canins-2","status":"publish","type":"page","link":"https:\/\/lamiecynophile.fr\/?page_id=2492","title":{"rendered":"Sports  canins"},"content":{"rendered":"\n<h1 class=\"wp-block-heading has-text-align-center\"><mark style=\"background-color:#ffffff;color:#f28686\" class=\"has-inline-color\">Agility<\/mark><\/h1>\n\n\n<div class=\"wp-block-image\">\n<figure class=\"aligncenter is-resized\"><img loading=\"lazy\" decoding=\"async\" width=\"596\" height=\"842\" src=\"https:\/\/lamiecynophile.fr\/wp-content\/uploads\/2024\/04\/Agility_RVB_web.png\" alt=\"\" class=\"wp-image-1384\" style=\"width:254px;height:auto\" srcset=\"https:\/\/lamiecynophile.fr\/wp-content\/uploads\/2024\/04\/Agility_RVB_web.png 596w, https:\/\/lamiecynophile.fr\/wp-content\/uploads\/2024\/04\/Agility_RVB_web-212x300.png 212w, https:\/\/lamiecynophile.fr\/wp-content\/uploads\/2024\/04\/Agility_RVB_web-42x60.png 42w\" sizes=\"auto, (max-width: 596px) 100vw, 596px\" \/><\/figure><\/div>\n\n\n<p>C\u00e9l\u00e8bre discipline qui consiste \u00e0 guider son chien \u00e0 travers un parcours d\u2019obstacle qui demandera de l\u2019agilit\u00e9 autant pour le chien que pour le maitre !<br>Ce sport est parfait pour d\u00e9penser son chien mais \u00e9galement pour renforcer le lien chien-humain, son ob\u00e9issance et son attention.<\/p>\n\n\n\n<div class=\"wp-block-buttons is-content-justification-center is-layout-flex wp-container-core-buttons-is-layout-16018d1d wp-block-buttons-is-layout-flex\">\n<div class=\"wp-block-button is-style-fill\"><a class=\"wp-block-button__link has-text-align-center wp-element-button\" href=\"https:\/\/lamiecynophile.fr\/?product=agility\"><mark style=\"background-color:rgba(0, 0, 0, 0);color:#f69595\" class=\"has-inline-color\">R\u00e9servation ici <\/mark><\/a><\/div>\n<\/div>\n\n\n\n<p class=\"has-text-align-center\"><\/p>\n\n\n\n<div style=\"height:100px\" aria-hidden=\"true\" class=\"wp-block-spacer\"><\/div>\n\n\n\n<h1 class=\"wp-block-heading has-text-align-center\"><mark style=\"background-color:rgba(0, 0, 0, 0);color:#fe9191\" class=\"has-inline-color\">Hoopers<\/mark><\/h1>\n\n\n<div class=\"wp-block-image\">\n<figure class=\"aligncenter is-resized\"><img loading=\"lazy\" decoding=\"async\" width=\"842\" height=\"596\" src=\"https:\/\/lamiecynophile.fr\/wp-content\/uploads\/2023\/11\/Hooper_RVB_web.png\" alt=\"\" class=\"wp-image-1336\" style=\"width:444px;height:auto\" srcset=\"https:\/\/lamiecynophile.fr\/wp-content\/uploads\/2023\/11\/Hooper_RVB_web.png 842w, https:\/\/lamiecynophile.fr\/wp-content\/uploads\/2023\/11\/Hooper_RVB_web-300x212.png 300w, https:\/\/lamiecynophile.fr\/wp-content\/uploads\/2023\/11\/Hooper_RVB_web-768x544.png 768w, https:\/\/lamiecynophile.fr\/wp-content\/uploads\/2023\/11\/Hooper_RVB_web-85x60.png 85w, https:\/\/lamiecynophile.fr\/wp-content\/uploads\/2023\/11\/Hooper_RVB_web-600x425.png 600w\" sizes=\"auto, (max-width: 842px) 100vw, 842px\" \/><\/figure><\/div>\n\n\n<p>C\u2019est un sport canin qui consiste \u00e0 guider \u00e0 distance son chien \u00e0 travers des obstacles \u00e0 un faible impact la sph\u00e8re musculo-squelettique de votre chien. Cette discipline ouverte \u00e0 toute race et tout propri\u00e9taire, saura vous amuser, entretenir votre relation et am\u00e9liorer le focus et l\u2019\u00e9coute de votre chien.<\/p>\n\n\n\n<div class=\"wp-block-buttons is-content-justification-center is-layout-flex wp-container-core-buttons-is-layout-16018d1d wp-block-buttons-is-layout-flex\">\n<div class=\"wp-block-button\"><a class=\"wp-block-button__link wp-element-button\" href=\"https:\/\/lamiecynophile.fr\/?product=hoopers\"><mark style=\"background-color:rgba(0, 0, 0, 0);color:#fe9292\" class=\"has-inline-color\">R\u00e9servation ici <\/mark><\/a><\/div>\n<\/div>\n\n\n\n<p><\/p>\n\n\n\n<p class=\"has-text-align-center\">\u2013<\/p>\n\n\n\n<h2 class=\"wp-block-heading has-text-align-center\"><mark style=\"background-color:rgba(0, 0, 0, 0);color:#f29494\" class=\"has-inline-color\">Informations utiles :<\/mark><\/h2>\n\n\n\n<figure class=\"wp-block-image size-large\"><img loading=\"lazy\" decoding=\"async\" width=\"1024\" height=\"768\" src=\"https:\/\/lamiecynophile.fr\/wp-content\/uploads\/2025\/07\/Pink-and-White-Aesthetic-Background-Flyer-2-edited-1024x768.png\" alt=\"\" class=\"wp-image-2497\" srcset=\"https:\/\/lamiecynophile.fr\/wp-content\/uploads\/2025\/07\/Pink-and-White-Aesthetic-Background-Flyer-2-edited-1024x768.png 1024w, https:\/\/lamiecynophile.fr\/wp-content\/uploads\/2025\/07\/Pink-and-White-Aesthetic-Background-Flyer-2-edited-300x225.png 300w, https:\/\/lamiecynophile.fr\/wp-content\/uploads\/2025\/07\/Pink-and-White-Aesthetic-Background-Flyer-2-edited-768x576.png 768w, https:\/\/lamiecynophile.fr\/wp-content\/uploads\/2025\/07\/Pink-and-White-Aesthetic-Background-Flyer-2-edited-600x450.png 600w, https:\/\/lamiecynophile.fr\/wp-content\/uploads\/2025\/07\/Pink-and-White-Aesthetic-Background-Flyer-2-edited.png 1414w\" sizes=\"auto, (max-width: 1024px) 100vw, 1024px\" \/><\/figure>\n\n\n\n<p>*Pour \u00e9viter tout risque de blessure l&rsquo;acc\u00e8s libre n&rsquo;est possible que pour les comp\u00e9titeurs ou apr\u00e8s remise du bagde Solo <\/p>\n\n\n\n<p>Les cours de sports canins (agility et hoopers se d\u00e9roulent au <a href=\"https:\/\/lamiecynophile.fr\/?page_id=1361\" data-type=\"link\" data-id=\"https:\/\/lamiecynophile.fr\/?page_id=1361\">centre canin<\/a>)<\/p>\n\n\n\n<p><\/p>\n\n\n\n<h2 class=\"wp-block-heading has-text-align-center\">Plus d&rsquo;informations <\/h2>\n\n\n\n<h1 class=\"wp-block-heading has-text-align-center\"><mark style=\"background-color:rgba(0, 0, 0, 0);color:#ff9494\" class=\"has-inline-color\">07 88 52 39 29 <\/mark><\/h1>\n\n\n\n<ul class=\"wp-block-social-links aligncenter has-huge-icon-size is-content-justification-center is-layout-flex wp-container-core-social-links-is-layout-16018d1d wp-block-social-links-is-layout-flex\"><li class=\"wp-social-link wp-social-link-mail  wp-block-social-link\"><a href=\"mailto:l&#097;&#109;ie&#099;y&#110;oph&#105;&#108;e&#064;&#103;&#109;ai&#108;.&#099;&#111;&#109;\" class=\"wp-block-social-link-anchor\"><svg width=\"24\" height=\"24\" viewBox=\"0 0 24 24\" version=\"1.1\" xmlns=\"http:\/\/www.w3.org\/2000\/svg\" aria-hidden=\"true\" focusable=\"false\"><path d=\"M19,5H5c-1.1,0-2,.9-2,2v10c0,1.1.9,2,2,2h14c1.1,0,2-.9,2-2V7c0-1.1-.9-2-2-2zm.5,12c0,.3-.2.5-.5.5H5c-.3,0-.5-.2-.5-.5V9.8l7.5,5.6,7.5-5.6V17zm0-9.1L12,13.6,4.5,7.9V7c0-.3.2-.5.5-.5h14c.3,0,.5.2.5.5v.9z\"><\/path><\/svg><span class=\"wp-block-social-link-label screen-reader-text\">Mail<\/span><\/a><\/li>\n\n<li class=\"wp-social-link wp-social-link-google  wp-block-social-link\"><a href=\"https:\/\/www.google.com\/search?sca_esv=8fbed3d98457040e&#038;hl=fr&#038;gl=fr&#038;output=search&#038;kgmid=\/g\/11m2w25sgw&#038;q=L%27amie+cynophile+-+Comportementaliste+et+%C3%A9ducateur+canin+sur+Angers+Maine+et+Loire&#038;shndl=30&#038;shem=lcuae,uaasie&#038;source=sh\/x\/loc\/uni\/m1\/1&#038;kgs=422d50a3c72e8114\" class=\"wp-block-social-link-anchor\"><svg width=\"24\" height=\"24\" viewBox=\"0 0 24 24\" version=\"1.1\" xmlns=\"http:\/\/www.w3.org\/2000\/svg\" aria-hidden=\"true\" focusable=\"false\"><path d=\"M12.02,10.18v3.72v0.01h5.51c-0.26,1.57-1.67,4.22-5.5,4.22c-3.31,0-6.01-2.75-6.01-6.12s2.7-6.12,6.01-6.12 c1.87,0,3.13,0.8,3.85,1.48l2.84-2.76C16.99,2.99,14.73,2,12.03,2c-5.52,0-10,4.48-10,10s4.48,10,10,10c5.77,0,9.6-4.06,9.6-9.77 c0-0.83-0.11-1.42-0.25-2.05H12.02z\"><\/path><\/svg><span class=\"wp-block-social-link-label screen-reader-text\">Google<\/span><\/a><\/li>\n\n<li class=\"wp-social-link wp-social-link-facebook  wp-block-social-link\"><a href=\"https:\/\/www.facebook.com\/Lamiecynophile\" class=\"wp-block-social-link-anchor\"><svg width=\"24\" height=\"24\" viewBox=\"0 0 24 24\" version=\"1.1\" xmlns=\"http:\/\/www.w3.org\/2000\/svg\" aria-hidden=\"true\" focusable=\"false\"><path d=\"M12 2C6.5 2 2 6.5 2 12c0 5 3.7 9.1 8.4 9.9v-7H7.9V12h2.5V9.8c0-2.5 1.5-3.9 3.8-3.9 1.1 0 2.2.2 2.2.2v2.5h-1.3c-1.2 0-1.6.8-1.6 1.6V12h2.8l-.4 2.9h-2.3v7C18.3 21.1 22 17 22 12c0-5.5-4.5-10-10-10z\"><\/path><\/svg><span class=\"wp-block-social-link-label screen-reader-text\">Facebook<\/span><\/a><\/li>\n\n<li class=\"wp-social-link wp-social-link-instagram  wp-block-social-link\"><a href=\"https:\/\/www.instagram.com\/lamiecynophile\/\" class=\"wp-block-social-link-anchor\"><svg width=\"24\" height=\"24\" viewBox=\"0 0 24 24\" version=\"1.1\" xmlns=\"http:\/\/www.w3.org\/2000\/svg\" aria-hidden=\"true\" focusable=\"false\"><path d=\"M12,4.622c2.403,0,2.688,0.009,3.637,0.052c0.877,0.04,1.354,0.187,1.671,0.31c0.42,0.163,0.72,0.358,1.035,0.673 c0.315,0.315,0.51,0.615,0.673,1.035c0.123,0.317,0.27,0.794,0.31,1.671c0.043,0.949,0.052,1.234,0.052,3.637 s-0.009,2.688-0.052,3.637c-0.04,0.877-0.187,1.354-0.31,1.671c-0.163,0.42-0.358,0.72-0.673,1.035 c-0.315,0.315-0.615,0.51-1.035,0.673c-0.317,0.123-0.794,0.27-1.671,0.31c-0.949,0.043-1.233,0.052-3.637,0.052 s-2.688-0.009-3.637-0.052c-0.877-0.04-1.354-0.187-1.671-0.31c-0.42-0.163-0.72-0.358-1.035-0.673 c-0.315-0.315-0.51-0.615-0.673-1.035c-0.123-0.317-0.27-0.794-0.31-1.671C4.631,14.688,4.622,14.403,4.622,12 s0.009-2.688,0.052-3.637c0.04-0.877,0.187-1.354,0.31-1.671c0.163-0.42,0.358-0.72,0.673-1.035 c0.315-0.315,0.615-0.51,1.035-0.673c0.317-0.123,0.794-0.27,1.671-0.31C9.312,4.631,9.597,4.622,12,4.622 M12,3 C9.556,3,9.249,3.01,8.289,3.054C7.331,3.098,6.677,3.25,6.105,3.472C5.513,3.702,5.011,4.01,4.511,4.511 c-0.5,0.5-0.808,1.002-1.038,1.594C3.25,6.677,3.098,7.331,3.054,8.289C3.01,9.249,3,9.556,3,12c0,2.444,0.01,2.751,0.054,3.711 c0.044,0.958,0.196,1.612,0.418,2.185c0.23,0.592,0.538,1.094,1.038,1.594c0.5,0.5,1.002,0.808,1.594,1.038 c0.572,0.222,1.227,0.375,2.185,0.418C9.249,20.99,9.556,21,12,21s2.751-0.01,3.711-0.054c0.958-0.044,1.612-0.196,2.185-0.418 c0.592-0.23,1.094-0.538,1.594-1.038c0.5-0.5,0.808-1.002,1.038-1.594c0.222-0.572,0.375-1.227,0.418-2.185 C20.99,14.751,21,14.444,21,12s-0.01-2.751-0.054-3.711c-0.044-0.958-0.196-1.612-0.418-2.185c-0.23-0.592-0.538-1.094-1.038-1.594 c-0.5-0.5-1.002-0.808-1.594-1.038c-0.572-0.222-1.227-0.375-2.185-0.418C14.751,3.01,14.444,3,12,3L12,3z M12,7.378 c-2.552,0-4.622,2.069-4.622,4.622S9.448,16.622,12,16.622s4.622-2.069,4.622-4.622S14.552,7.378,12,7.378z M12,15 c-1.657,0-3-1.343-3-3s1.343-3,3-3s3,1.343,3,3S13.657,15,12,15z M16.804,6.116c-0.596,0-1.08,0.484-1.08,1.08 s0.484,1.08,1.08,1.08c0.596,0,1.08-0.484,1.08-1.08S17.401,6.116,16.804,6.116z\"><\/path><\/svg><span class=\"wp-block-social-link-label screen-reader-text\">Instagram<\/span><\/a><\/li>\n\n<li class=\"wp-social-link wp-social-link-tiktok  wp-block-social-link\"><a href=\"https:\/\/www.tiktok.com\/@lamiecynophile?lang=fr\" class=\"wp-block-social-link-anchor\"><svg width=\"24\" height=\"24\" viewBox=\"0 0 32 32\" version=\"1.1\" xmlns=\"http:\/\/www.w3.org\/2000\/svg\" aria-hidden=\"true\" focusable=\"false\"><path d=\"M16.708 0.027c1.745-0.027 3.48-0.011 5.213-0.027 0.105 2.041 0.839 4.12 2.333 5.563 1.491 1.479 3.6 2.156 5.652 2.385v5.369c-1.923-0.063-3.855-0.463-5.6-1.291-0.76-0.344-1.468-0.787-2.161-1.24-0.009 3.896 0.016 7.787-0.025 11.667-0.104 1.864-0.719 3.719-1.803 5.255-1.744 2.557-4.771 4.224-7.88 4.276-1.907 0.109-3.812-0.411-5.437-1.369-2.693-1.588-4.588-4.495-4.864-7.615-0.032-0.667-0.043-1.333-0.016-1.984 0.24-2.537 1.495-4.964 3.443-6.615 2.208-1.923 5.301-2.839 8.197-2.297 0.027 1.975-0.052 3.948-0.052 5.923-1.323-0.428-2.869-0.308-4.025 0.495-0.844 0.547-1.485 1.385-1.819 2.333-0.276 0.676-0.197 1.427-0.181 2.145 0.317 2.188 2.421 4.027 4.667 3.828 1.489-0.016 2.916-0.88 3.692-2.145 0.251-0.443 0.532-0.896 0.547-1.417 0.131-2.385 0.079-4.76 0.095-7.145 0.011-5.375-0.016-10.735 0.025-16.093z\" \/><\/svg><span class=\"wp-block-social-link-label screen-reader-text\">TikTok<\/span><\/a><\/li><\/ul>\n\n\n\n<div style=\"height:100px\" aria-hidden=\"true\" class=\"wp-block-spacer\"><\/div>\n\n\n\n<p><a href=\"https:\/\/lamiecynophile.fr\/?page_id=960\">Conditions g\u00e9n\u00e9rales de vente<\/a><\/p>\n\n\n\n<p><a href=\"https:\/\/lamiecynophile.fr\/?page_id=962\">Politique de confidentialit\u00e9<\/a><\/p>\n","protected":false},"excerpt":{"rendered":"<p>Agility C\u00e9l\u00e8bre discipline qui consiste \u00e0 guider son chien \u00e0 travers un parcours d\u2019obstacle qui demandera de l\u2019agilit\u00e9 autant pour le chien que pour le maitre !Ce sport est parfait pour d\u00e9penser son chien mais \u00e9galement pour renforcer le lien chien-humain, son ob\u00e9issance et son attention. Hoopers C\u2019est un sport canin qui consiste \u00e0 guider &hellip; <\/p>\n","protected":false},"author":1,"featured_media":0,"parent":0,"menu_order":0,"comment_status":"closed","ping_status":"closed","template":"","meta":{"footnotes":""},"class_list":["post-2492","page","type-page","status-publish","hentry"],"jetpack_sharing_enabled":true,"_links":{"self":[{"href":"https:\/\/lamiecynophile.fr\/index.php?rest_route=\/wp\/v2\/pages\/2492","targetHints":{"allow":["GET"]}}],"collection":[{"href":"https:\/\/lamiecynophile.fr\/index.php?rest_route=\/wp\/v2\/pages"}],"about":[{"href":"https:\/\/lamiecynophile.fr\/index.php?rest_route=\/wp\/v2\/types\/page"}],"author":[{"embeddable":true,"href":"https:\/\/lamiecynophile.fr\/index.php?rest_route=\/wp\/v2\/users\/1"}],"replies":[{"embeddable":true,"href":"https:\/\/lamiecynophile.fr\/index.php?rest_route=%2Fwp%2Fv2%2Fcomments&post=2492"}],"version-history":[{"count":9,"href":"https:\/\/lamiecynophile.fr\/index.php?rest_route=\/wp\/v2\/pages\/2492\/revisions"}],"predecessor-version":[{"id":2648,"href":"https:\/\/lamiecynophile.fr\/index.php?rest_route=\/wp\/v2\/pages\/2492\/revisions\/2648"}],"wp:attachment":[{"href":"https:\/\/lamiecynophile.fr\/index.php?rest_route=%2Fwp%2Fv2%2Fmedia&parent=2492"}],"curies":[{"name":"wp","href":"https:\/\/api.w.org\/{rel}","templated":true}]}}