{"id":2540,"date":"2025-07-05T21:08:15","date_gmt":"2025-07-05T19:08:15","guid":{"rendered":"https:\/\/lamiecynophile.fr\/?page_id=2540"},"modified":"2025-07-05T22:34:08","modified_gmt":"2025-07-05T20:34:08","slug":"qui-suis-je","status":"publish","type":"page","link":"https:\/\/lamiecynophile.fr\/?page_id=2540","title":{"rendered":"Qui suis-je ?"},"content":{"rendered":"\n<p class=\"has-text-align-center\"><\/p>\n\n\n<p>Je m\u2019appelle M\u00e9lissa Richet, passionn\u00e9e par les animaux, je recherche depuis toujours leur contact. Chiens, chats, lapins, hamsters, poissons, h\u00e9rissons m\u2019ont toujours accompagn\u00e9e, tout comme l\u2019\u00e9quitation que je pratique depuis mon plus jeune \u00e2ge en loisir. De nombreux chiens ont \u00e9gay\u00e9 mon enfance jusqu\u2019au jour o\u00f9 j\u2019ai adopt\u00e9, mon premier chien, une chienne, Berger Australien du nom de Little puis Shakti, Berger Belge Tervueren adopt\u00e9 \u00e0 l\u2019\u00e2ge de 2 mois et enfin Jumpy Berger Belge Malinois adopt\u00e9 \u00e0 l\u2019\u00e2ge de 8 ans.<\/p>\n\n\n<figure class=\"wp-block-gallery has-nested-images columns-default is-cropped wp-block-gallery-1 is-layout-flex wp-block-gallery-is-layout-flex\">\n<figure class=\"wp-block-image size-large\"><img loading=\"lazy\" decoding=\"async\" width=\"683\" height=\"1024\" data-id=\"2373\" src=\"https:\/\/lamiecynophile.fr\/wp-content\/uploads\/2025\/07\/DSC_0044-683x1024.jpg\" alt=\"\" class=\"wp-image-2373\" srcset=\"https:\/\/lamiecynophile.fr\/wp-content\/uploads\/2025\/07\/DSC_0044-683x1024.jpg 683w, https:\/\/lamiecynophile.fr\/wp-content\/uploads\/2025\/07\/DSC_0044-200x300.jpg 200w, https:\/\/lamiecynophile.fr\/wp-content\/uploads\/2025\/07\/DSC_0044-768x1152.jpg 768w, https:\/\/lamiecynophile.fr\/wp-content\/uploads\/2025\/07\/DSC_0044-1024x1536.jpg 1024w, https:\/\/lamiecynophile.fr\/wp-content\/uploads\/2025\/07\/DSC_0044-1365x2048.jpg 1365w, https:\/\/lamiecynophile.fr\/wp-content\/uploads\/2025\/07\/DSC_0044-600x900.jpg 600w, https:\/\/lamiecynophile.fr\/wp-content\/uploads\/2025\/07\/DSC_0044-scaled.jpg 1707w\" sizes=\"auto, (max-width: 683px) 100vw, 683px\" \/><\/figure>\n\n\n\n<figure class=\"wp-block-image size-large\"><img loading=\"lazy\" decoding=\"async\" width=\"683\" height=\"1024\" data-id=\"2375\" src=\"https:\/\/lamiecynophile.fr\/wp-content\/uploads\/2025\/07\/DSC_0252-683x1024.jpg\" alt=\"\" class=\"wp-image-2375\" srcset=\"https:\/\/lamiecynophile.fr\/wp-content\/uploads\/2025\/07\/DSC_0252-683x1024.jpg 683w, https:\/\/lamiecynophile.fr\/wp-content\/uploads\/2025\/07\/DSC_0252-200x300.jpg 200w, https:\/\/lamiecynophile.fr\/wp-content\/uploads\/2025\/07\/DSC_0252-768x1152.jpg 768w, https:\/\/lamiecynophile.fr\/wp-content\/uploads\/2025\/07\/DSC_0252-1024x1536.jpg 1024w, https:\/\/lamiecynophile.fr\/wp-content\/uploads\/2025\/07\/DSC_0252-1365x2048.jpg 1365w, https:\/\/lamiecynophile.fr\/wp-content\/uploads\/2025\/07\/DSC_0252-600x900.jpg 600w, https:\/\/lamiecynophile.fr\/wp-content\/uploads\/2025\/07\/DSC_0252-scaled.jpg 1707w\" sizes=\"auto, (max-width: 683px) 100vw, 683px\" \/><\/figure>\n\n\n\n<figure class=\"wp-block-image size-large\"><img loading=\"lazy\" decoding=\"async\" width=\"683\" height=\"1024\" data-id=\"2377\" src=\"https:\/\/lamiecynophile.fr\/wp-content\/uploads\/2025\/07\/445104413_10233747108759027_942442254953104276_n-683x1024.jpg\" alt=\"\" class=\"wp-image-2377\" srcset=\"https:\/\/lamiecynophile.fr\/wp-content\/uploads\/2025\/07\/445104413_10233747108759027_942442254953104276_n-683x1024.jpg 683w, https:\/\/lamiecynophile.fr\/wp-content\/uploads\/2025\/07\/445104413_10233747108759027_942442254953104276_n-200x300.jpg 200w, https:\/\/lamiecynophile.fr\/wp-content\/uploads\/2025\/07\/445104413_10233747108759027_942442254953104276_n-768x1152.jpg 768w, https:\/\/lamiecynophile.fr\/wp-content\/uploads\/2025\/07\/445104413_10233747108759027_942442254953104276_n-1024x1536.jpg 1024w, https:\/\/lamiecynophile.fr\/wp-content\/uploads\/2025\/07\/445104413_10233747108759027_942442254953104276_n-600x900.jpg 600w, https:\/\/lamiecynophile.fr\/wp-content\/uploads\/2025\/07\/445104413_10233747108759027_942442254953104276_n.jpg 1365w\" sizes=\"auto, (max-width: 683px) 100vw, 683px\" \/><\/figure>\n\n\n\n<figure class=\"wp-block-image size-large\"><img loading=\"lazy\" decoding=\"async\" width=\"1024\" height=\"657\" data-id=\"2374\" src=\"https:\/\/lamiecynophile.fr\/wp-content\/uploads\/2025\/07\/5abad656-19f2-4d55-8428-5ff5c98fef65-1024x657.jpeg\" alt=\"\" class=\"wp-image-2374\" srcset=\"https:\/\/lamiecynophile.fr\/wp-content\/uploads\/2025\/07\/5abad656-19f2-4d55-8428-5ff5c98fef65-1024x657.jpeg 1024w, https:\/\/lamiecynophile.fr\/wp-content\/uploads\/2025\/07\/5abad656-19f2-4d55-8428-5ff5c98fef65-300x192.jpeg 300w, https:\/\/lamiecynophile.fr\/wp-content\/uploads\/2025\/07\/5abad656-19f2-4d55-8428-5ff5c98fef65-768x492.jpeg 768w, https:\/\/lamiecynophile.fr\/wp-content\/uploads\/2025\/07\/5abad656-19f2-4d55-8428-5ff5c98fef65-600x385.jpeg 600w, https:\/\/lamiecynophile.fr\/wp-content\/uploads\/2025\/07\/5abad656-19f2-4d55-8428-5ff5c98fef65-rotated.jpeg 1310w\" sizes=\"auto, (max-width: 1024px) 100vw, 1024px\" \/><\/figure>\n\n\n\n<figure class=\"wp-block-image size-large\"><img loading=\"lazy\" decoding=\"async\" width=\"1024\" height=\"683\" data-id=\"2376\" src=\"https:\/\/lamiecynophile.fr\/wp-content\/uploads\/2025\/07\/DSC_0293-1024x683.jpg\" alt=\"\" class=\"wp-image-2376\" srcset=\"https:\/\/lamiecynophile.fr\/wp-content\/uploads\/2025\/07\/DSC_0293-1024x683.jpg 1024w, https:\/\/lamiecynophile.fr\/wp-content\/uploads\/2025\/07\/DSC_0293-300x200.jpg 300w, https:\/\/lamiecynophile.fr\/wp-content\/uploads\/2025\/07\/DSC_0293-768x512.jpg 768w, https:\/\/lamiecynophile.fr\/wp-content\/uploads\/2025\/07\/DSC_0293-1536x1024.jpg 1536w, https:\/\/lamiecynophile.fr\/wp-content\/uploads\/2025\/07\/DSC_0293-2048x1365.jpg 2048w, https:\/\/lamiecynophile.fr\/wp-content\/uploads\/2025\/07\/DSC_0293-600x400.jpg 600w\" sizes=\"auto, (max-width: 1024px) 100vw, 1024px\" \/><\/figure>\n<\/figure>\n\n\n\n<p><\/p>\n\n\n\n<div style=\"height:100px\" aria-hidden=\"true\" class=\"wp-block-spacer\"><\/div>\n\n\n\n<p><\/p>\n\n\n\n<p class=\"has-text-align-center\"><strong>Mes formations<\/strong><\/p>\n\n\n\n<p>J\u2019ai commenc\u00e9 par faire&nbsp;<strong>deux formations<\/strong>&nbsp;diff\u00e9rentes pour me former au m\u00e9tier de comportementaliste \u00e9ducateur canin pour d\u00e9couvrir deux approches de l\u2019\u00e9ducation canine diff\u00e9rente que j\u2019ai ensuite compl\u00e9t\u00e9 par des&nbsp;<strong>formations continues<\/strong>&nbsp;qui me permettent de me perfectionner et de d\u00e9couvrir de nouvelles techniques<\/p>\n\n\n\n<div class=\"wp-block-group\"><div class=\"wp-block-group__inner-container is-layout-constrained wp-block-group-is-layout-constrained\">\n<ul class=\"wp-block-list\">\n<li>La premi\u00e8re avec Sherwood Animalia, formation donn\u00e9e par le Dr Wintz (v\u00e9t\u00e9rinaire) et Mme ROBIN (Ancienne \u00e9leveuse, Pet-sitter, intervenante en \u00e9ducation canine et masseuse canin).<\/li>\n\n\n\n<li>La seconde avec la formation th\u00e9orique d\u2019Esprit Dog pro de Tony Sylvestre, \u00e9ducateur canin pr\u00e9sent notamment sur la chaine youtube \u00ab&nbsp;Esprit Dog&nbsp;\u00bb, ax\u00e9e sur une diff\u00e9rente approche de l\u2019\u00e9ducation canine.<\/li>\n\n\n\n<li>J\u2019ai \u00e9galement r\u00e9alis\u00e9 quelques stages avec des \u00e9ducateurs\/comportementalistes de la r\u00e9gion ou ailleurs pour observer l\u2019approche que peuvent avoir mes confr\u00e8res et apprendre davantage \u00e0 leur c\u00f4t\u00e9.<\/li>\n\n\n\n<li>Titulaire de l\u2019Attestation de Connaissances pour les Animaux de Compagnie N\u00b04410 (ACACED)<\/li>\n\n\n\n<li>Janvier 2022, formation \u00e0 la r\u00e9\u00e9ducation des chiens r\u00e9actifs et agressifs avec de Simone Raffa (Demain de maitre)<\/li>\n\n\n\n<li>Avril 2022, s\u00e9minaire sur l\u2019anxi\u00e9t\u00e9 de s\u00e9paration avec Claudine Prud\u2019homme (The Learned Dog)<\/li>\n\n\n\n<li>Juin 2022, s\u00e9minaire sur les chiens primitifs avec Margaux Rieu (Primitif Addict)<\/li>\n\n\n\n<li>18 Novembre 2022, habilitation \u00e0 la d\u00e9livrance de l\u2019attestation d\u2019aptitude \u00e0 la d\u00e9tention d\u2019un chien dangereux (cat\u00e9gorie 1 ou 2)<\/li>\n\n\n\n<li>Mars 2023, formation chiens agressifs de Tony Sylvestre (Esprit Dog)<\/li>\n\n\n\n<li>Juin 2023, congr\u00e9s du chien 2023 (6 jours de conf\u00e9rences sur le chien)<\/li>\n\n\n\n<li>Mars 2024, stage cognition canine avec Karine Faucher<\/li>\n\n\n\n<li>Novembre 2024, Echauffement et r\u00e9cup\u00e9ration sp\u00e9cial agility de Jana Gams<\/li>\n<\/ul>\n<\/div><\/div>\n\n\n\n<p><\/p>\n\n\n\n<div style=\"height:100px\" aria-hidden=\"true\" class=\"wp-block-spacer\"><\/div>\n\n\n\n<p><\/p>\n\n\n\n<p class=\"has-text-align-center\"><strong>Le sport canin<\/strong><\/p>\n\n\n\n<p>J\u2019ai commenc\u00e9 l\u2019agility en club avec ma chienne Little en 2022 et j\u2019ai d\u00e9marr\u00e9 la comp\u00e9tition en 2023 avec elle. J\u2019ai ensuite commenc\u00e9 \u00e0 entrainer ma deuxi\u00e8me chienne Shakti en 2023.<\/p>\n\n\n\n<p>En 2024, Shakti a remport\u00e9 le s\u00e9lectif du Grand Prix de France et est actuellement dans le Top 30 du classement national dans sa cat\u00e9gorie en grade 2<\/p>\n\n\n\n<p>Quand \u00e0 Little elle est pass\u00e9e en Grade 3 au printemps 2025<\/p>\n\n\n\n<p>J\u2019ai d\u00e9marr\u00e9 le Hoopers en 2023 avec Shakti avec la CHUK (Canine Hoopers of United Kingdom) puis la comp\u00e9tition en France avec Little<\/p>\n\n\n\n<figure class=\"wp-block-gallery has-nested-images columns-default is-cropped wp-block-gallery-2 is-layout-flex wp-block-gallery-is-layout-flex\">\n<figure class=\"wp-block-image size-large\"><img loading=\"lazy\" decoding=\"async\" width=\"768\" height=\"1024\" data-id=\"2380\" src=\"https:\/\/lamiecynophile.fr\/wp-content\/uploads\/2025\/07\/20231105_185225-768x1024.jpg\" alt=\"\" class=\"wp-image-2380\" srcset=\"https:\/\/lamiecynophile.fr\/wp-content\/uploads\/2025\/07\/20231105_185225-768x1024.jpg 768w, https:\/\/lamiecynophile.fr\/wp-content\/uploads\/2025\/07\/20231105_185225-225x300.jpg 225w, https:\/\/lamiecynophile.fr\/wp-content\/uploads\/2025\/07\/20231105_185225-1152x1536.jpg 1152w, https:\/\/lamiecynophile.fr\/wp-content\/uploads\/2025\/07\/20231105_185225-1536x2048.jpg 1536w, https:\/\/lamiecynophile.fr\/wp-content\/uploads\/2025\/07\/20231105_185225-600x800.jpg 600w, https:\/\/lamiecynophile.fr\/wp-content\/uploads\/2025\/07\/20231105_185225-scaled.jpg 1920w\" sizes=\"auto, (max-width: 768px) 100vw, 768px\" \/><\/figure>\n\n\n\n<figure class=\"wp-block-image size-large\"><img loading=\"lazy\" decoding=\"async\" width=\"768\" height=\"1024\" data-id=\"2381\" src=\"https:\/\/lamiecynophile.fr\/wp-content\/uploads\/2025\/07\/WhatsApp-Image-2024-10-06-a-19.20.18_5d57d92b-768x1024.jpg\" alt=\"\" class=\"wp-image-2381\" srcset=\"https:\/\/lamiecynophile.fr\/wp-content\/uploads\/2025\/07\/WhatsApp-Image-2024-10-06-a-19.20.18_5d57d92b-768x1024.jpg 768w, https:\/\/lamiecynophile.fr\/wp-content\/uploads\/2025\/07\/WhatsApp-Image-2024-10-06-a-19.20.18_5d57d92b-225x300.jpg 225w, https:\/\/lamiecynophile.fr\/wp-content\/uploads\/2025\/07\/WhatsApp-Image-2024-10-06-a-19.20.18_5d57d92b-1152x1536.jpg 1152w, https:\/\/lamiecynophile.fr\/wp-content\/uploads\/2025\/07\/WhatsApp-Image-2024-10-06-a-19.20.18_5d57d92b-600x800.jpg 600w, https:\/\/lamiecynophile.fr\/wp-content\/uploads\/2025\/07\/WhatsApp-Image-2024-10-06-a-19.20.18_5d57d92b.jpg 1512w\" sizes=\"auto, (max-width: 768px) 100vw, 768px\" \/><\/figure>\n\n\n\n<figure class=\"wp-block-image size-large\"><img loading=\"lazy\" decoding=\"async\" width=\"1024\" height=\"670\" data-id=\"2382\" src=\"https:\/\/lamiecynophile.fr\/wp-content\/uploads\/2025\/07\/13102024-Z62_7264-1024x670.jpeg\" alt=\"\" class=\"wp-image-2382\" srcset=\"https:\/\/lamiecynophile.fr\/wp-content\/uploads\/2025\/07\/13102024-Z62_7264-1024x670.jpeg 1024w, https:\/\/lamiecynophile.fr\/wp-content\/uploads\/2025\/07\/13102024-Z62_7264-300x196.jpeg 300w, https:\/\/lamiecynophile.fr\/wp-content\/uploads\/2025\/07\/13102024-Z62_7264-768x502.jpeg 768w, https:\/\/lamiecynophile.fr\/wp-content\/uploads\/2025\/07\/13102024-Z62_7264-1536x1005.jpeg 1536w, https:\/\/lamiecynophile.fr\/wp-content\/uploads\/2025\/07\/13102024-Z62_7264-2048x1340.jpeg 2048w, https:\/\/lamiecynophile.fr\/wp-content\/uploads\/2025\/07\/13102024-Z62_7264-600x393.jpeg 600w\" sizes=\"auto, (max-width: 1024px) 100vw, 1024px\" \/><\/figure>\n\n\n\n<figure class=\"wp-block-image size-large\"><img loading=\"lazy\" decoding=\"async\" width=\"1024\" height=\"636\" data-id=\"2383\" src=\"https:\/\/lamiecynophile.fr\/wp-content\/uploads\/2025\/07\/13102024-Z62_7281-1024x636.jpeg\" alt=\"\" class=\"wp-image-2383\" srcset=\"https:\/\/lamiecynophile.fr\/wp-content\/uploads\/2025\/07\/13102024-Z62_7281-1024x636.jpeg 1024w, https:\/\/lamiecynophile.fr\/wp-content\/uploads\/2025\/07\/13102024-Z62_7281-300x186.jpeg 300w, https:\/\/lamiecynophile.fr\/wp-content\/uploads\/2025\/07\/13102024-Z62_7281-768x477.jpeg 768w, https:\/\/lamiecynophile.fr\/wp-content\/uploads\/2025\/07\/13102024-Z62_7281-1536x954.jpeg 1536w, https:\/\/lamiecynophile.fr\/wp-content\/uploads\/2025\/07\/13102024-Z62_7281-2048x1273.jpeg 2048w, https:\/\/lamiecynophile.fr\/wp-content\/uploads\/2025\/07\/13102024-Z62_7281-600x373.jpeg 600w\" sizes=\"auto, (max-width: 1024px) 100vw, 1024px\" \/><\/figure>\n\n\n\n<figure class=\"wp-block-image size-large\"><img loading=\"lazy\" decoding=\"async\" width=\"640\" height=\"960\" data-id=\"2384\" src=\"https:\/\/lamiecynophile.fr\/wp-content\/uploads\/2025\/07\/change-03.03-19.jpg\" alt=\"\" class=\"wp-image-2384\" srcset=\"https:\/\/lamiecynophile.fr\/wp-content\/uploads\/2025\/07\/change-03.03-19.jpg 640w, https:\/\/lamiecynophile.fr\/wp-content\/uploads\/2025\/07\/change-03.03-19-200x300.jpg 200w, https:\/\/lamiecynophile.fr\/wp-content\/uploads\/2025\/07\/change-03.03-19-600x900.jpg 600w\" sizes=\"auto, (max-width: 640px) 100vw, 640px\" \/><\/figure>\n\n\n\n<figure class=\"wp-block-image size-large\"><img loading=\"lazy\" decoding=\"async\" width=\"534\" height=\"713\" data-id=\"2386\" src=\"https:\/\/lamiecynophile.fr\/wp-content\/uploads\/2025\/07\/change-03.03-22.jpg\" alt=\"\" class=\"wp-image-2386\" srcset=\"https:\/\/lamiecynophile.fr\/wp-content\/uploads\/2025\/07\/change-03.03-22.jpg 534w, https:\/\/lamiecynophile.fr\/wp-content\/uploads\/2025\/07\/change-03.03-22-225x300.jpg 225w\" sizes=\"auto, (max-width: 534px) 100vw, 534px\" \/><\/figure>\n\n\n\n<figure class=\"wp-block-image size-large\"><img loading=\"lazy\" decoding=\"async\" width=\"788\" height=\"614\" data-id=\"2387\" src=\"https:\/\/lamiecynophile.fr\/wp-content\/uploads\/2025\/07\/change-03.03-31.jpg\" alt=\"\" class=\"wp-image-2387\" srcset=\"https:\/\/lamiecynophile.fr\/wp-content\/uploads\/2025\/07\/change-03.03-31.jpg 788w, https:\/\/lamiecynophile.fr\/wp-content\/uploads\/2025\/07\/change-03.03-31-300x234.jpg 300w, https:\/\/lamiecynophile.fr\/wp-content\/uploads\/2025\/07\/change-03.03-31-768x598.jpg 768w, https:\/\/lamiecynophile.fr\/wp-content\/uploads\/2025\/07\/change-03.03-31-600x468.jpg 600w\" sizes=\"auto, (max-width: 788px) 100vw, 788px\" \/><\/figure>\n\n\n\n<figure class=\"wp-block-image size-large\"><img loading=\"lazy\" decoding=\"async\" width=\"699\" height=\"593\" data-id=\"1351\" src=\"https:\/\/lamiecynophile.fr\/wp-content\/uploads\/2024\/03\/429803656_442848238075883_4902922069274432976_n.jpg\" alt=\"\" class=\"wp-image-1351\" srcset=\"https:\/\/lamiecynophile.fr\/wp-content\/uploads\/2024\/03\/429803656_442848238075883_4902922069274432976_n.jpg 699w, https:\/\/lamiecynophile.fr\/wp-content\/uploads\/2024\/03\/429803656_442848238075883_4902922069274432976_n-300x255.jpg 300w, https:\/\/lamiecynophile.fr\/wp-content\/uploads\/2024\/03\/429803656_442848238075883_4902922069274432976_n-71x60.jpg 71w, https:\/\/lamiecynophile.fr\/wp-content\/uploads\/2024\/03\/429803656_442848238075883_4902922069274432976_n-600x509.jpg 600w\" sizes=\"auto, (max-width: 699px) 100vw, 699px\" \/><\/figure>\n<\/figure>\n","protected":false},"excerpt":{"rendered":"<p>Je m\u2019appelle M\u00e9lissa Richet, passionn\u00e9e par les animaux, je recherche depuis toujours leur contact. Chiens, chats, lapins, hamsters, poissons, h\u00e9rissons m\u2019ont toujours accompagn\u00e9e, tout comme l\u2019\u00e9quitation que je pratique depuis mon plus jeune \u00e2ge en loisir. De nombreux chiens ont \u00e9gay\u00e9 mon enfance jusqu\u2019au jour o\u00f9 j\u2019ai adopt\u00e9, mon premier chien, une chienne, Berger Australien &hellip; <\/p>\n","protected":false},"author":1,"featured_media":0,"parent":0,"menu_order":0,"comment_status":"closed","ping_status":"closed","template":"","meta":{"footnotes":""},"class_list":["post-2540","page","type-page","status-publish","hentry"],"jetpack_sharing_enabled":true,"_links":{"self":[{"href":"https:\/\/lamiecynophile.fr\/index.php?rest_route=\/wp\/v2\/pages\/2540","targetHints":{"allow":["GET"]}}],"collection":[{"href":"https:\/\/lamiecynophile.fr\/index.php?rest_route=\/wp\/v2\/pages"}],"about":[{"href":"https:\/\/lamiecynophile.fr\/index.php?rest_route=\/wp\/v2\/types\/page"}],"author":[{"embeddable":true,"href":"https:\/\/lamiecynophile.fr\/index.php?rest_route=\/wp\/v2\/users\/1"}],"replies":[{"embeddable":true,"href":"https:\/\/lamiecynophile.fr\/index.php?rest_route=%2Fwp%2Fv2%2Fcomments&post=2540"}],"version-history":[{"count":6,"href":"https:\/\/lamiecynophile.fr\/index.php?rest_route=\/wp\/v2\/pages\/2540\/revisions"}],"predecessor-version":[{"id":2593,"href":"https:\/\/lamiecynophile.fr\/index.php?rest_route=\/wp\/v2\/pages\/2540\/revisions\/2593"}],"wp:attachment":[{"href":"https:\/\/lamiecynophile.fr\/index.php?rest_route=%2Fwp%2Fv2%2Fmedia&parent=2540"}],"curies":[{"name":"wp","href":"https:\/\/api.w.org\/{rel}","templated":true}]}}