{"id":2833,"date":"2025-11-24T15:57:53","date_gmt":"2025-11-24T14:57:53","guid":{"rendered":"https:\/\/lamiecynophile.fr\/?page_id=2833"},"modified":"2026-03-31T22:48:37","modified_gmt":"2026-03-31T20:48:37","slug":"dogs-game","status":"publish","type":"page","link":"https:\/\/lamiecynophile.fr\/?page_id=2833","title":{"rendered":"Dogs Game"},"content":{"rendered":"<div class=\"wp-block-image\">\n<figure class=\"aligncenter size-large\"><img loading=\"lazy\" decoding=\"async\" width=\"724\" height=\"1024\" src=\"https:\/\/lamiecynophile.fr\/wp-content\/uploads\/2026\/03\/Affiche-evenement-vide-dressing-retro-illustratif-coloree-2-724x1024.png\" alt=\"\" class=\"wp-image-2953\" srcset=\"https:\/\/lamiecynophile.fr\/wp-content\/uploads\/2026\/03\/Affiche-evenement-vide-dressing-retro-illustratif-coloree-2-724x1024.png 724w, https:\/\/lamiecynophile.fr\/wp-content\/uploads\/2026\/03\/Affiche-evenement-vide-dressing-retro-illustratif-coloree-2-212x300.png 212w, https:\/\/lamiecynophile.fr\/wp-content\/uploads\/2026\/03\/Affiche-evenement-vide-dressing-retro-illustratif-coloree-2-768x1086.png 768w, https:\/\/lamiecynophile.fr\/wp-content\/uploads\/2026\/03\/Affiche-evenement-vide-dressing-retro-illustratif-coloree-2-1086x1536.png 1086w, https:\/\/lamiecynophile.fr\/wp-content\/uploads\/2026\/03\/Affiche-evenement-vide-dressing-retro-illustratif-coloree-2-1448x2048.png 1448w, https:\/\/lamiecynophile.fr\/wp-content\/uploads\/2026\/03\/Affiche-evenement-vide-dressing-retro-illustratif-coloree-2-600x849.png 600w, https:\/\/lamiecynophile.fr\/wp-content\/uploads\/2026\/03\/Affiche-evenement-vide-dressing-retro-illustratif-coloree-2.png 1587w\" sizes=\"auto, (max-width: 724px) 100vw, 724px\" \/><\/figure><\/div>\n\n\n<p>Envie de passer une journ\u00e9e amusante tout en essayant de remporter le gros lot ? Le Dogs Game sont l\u00e0 pour la deuxi\u00e8me ann\u00e9e cons\u00e9cutive.<\/p>\n\n\n\n<h2 class=\"wp-block-heading\">Qu&rsquo;est ce que c&rsquo;est ?<\/h2>\n\n\n\n<p>Le dogs game, c&rsquo;est une journ\u00e9e de rassemblement de passionn\u00e9 des chiens, un regroupement de professionnels venu juste pour vous, pour vous pr\u00e9senter leurs activit\u00e9s mais \u00e9galement pour vous divertir.<br>au menu :<\/p>\n\n\n\n<ul class=\"wp-block-list\">\n<li>L&rsquo;amie Cynophile, \u00e9ducation, sports canins et accessoires et jeux<\/li>\n\n\n\n<li>L\u00e9a Bonnet, ost\u00e9opathe animalier<\/li>\n\n\n\n<li>Patricia Minn\u00e9, masseuse animaliere <\/li>\n\n\n\n<li>Dr Flamant, V\u00e9t\u00e9rinaire \u00e0 domicile de chez Dr Milou<\/li>\n\n\n\n<li>Eliott Moulin, Intervenant toutes races Berg\u00e8res au troupeau <\/li>\n\n\n\n<li>Karelle Guilloteaux, Flair Play 49<\/li>\n\n\n\n<li>Ludivine Odoni, L&rsquo;id\u00e9ographe, illustratrice<\/li>\n\n\n\n<li>Action Protection animale<\/li>\n\n\n\n<li>Les saveurs de Seb, Food trucks<\/li>\n\n\n\n<li>Buvette et cr\u00eapes <\/li>\n<\/ul>\n\n\n\n<p>En fil rouge de la journ\u00e9e, un grand jeu concours sur inscription inspir\u00e9 de la s\u00e9rie \u00e0 succ\u00e8s Squid Game dans lequel 20 participants s&rsquo;affronteront pour s&rsquo;amuser mais aussi tenter de remporter le jeu de cette ann\u00e9e et les cadeaux qui accompagne le titre de grand vainqueur !<\/p>\n\n\n\n<h2 class=\"wp-block-heading\">Programme de la journ\u00e9e <\/h2>\n\n\n<div class=\"wp-block-image\">\n<figure class=\"aligncenter size-large\"><img loading=\"lazy\" decoding=\"async\" width=\"724\" height=\"1024\" src=\"https:\/\/lamiecynophile.fr\/wp-content\/uploads\/2026\/03\/Copie-de-Copie-de-Affiche-evenement-vide-dressing-retro-illustratif-coloree-724x1024.jpg\" alt=\"\" class=\"wp-image-2956\" srcset=\"https:\/\/lamiecynophile.fr\/wp-content\/uploads\/2026\/03\/Copie-de-Copie-de-Affiche-evenement-vide-dressing-retro-illustratif-coloree-724x1024.jpg 724w, https:\/\/lamiecynophile.fr\/wp-content\/uploads\/2026\/03\/Copie-de-Copie-de-Affiche-evenement-vide-dressing-retro-illustratif-coloree-212x300.jpg 212w, https:\/\/lamiecynophile.fr\/wp-content\/uploads\/2026\/03\/Copie-de-Copie-de-Affiche-evenement-vide-dressing-retro-illustratif-coloree-768x1086.jpg 768w, https:\/\/lamiecynophile.fr\/wp-content\/uploads\/2026\/03\/Copie-de-Copie-de-Affiche-evenement-vide-dressing-retro-illustratif-coloree-1086x1536.jpg 1086w, https:\/\/lamiecynophile.fr\/wp-content\/uploads\/2026\/03\/Copie-de-Copie-de-Affiche-evenement-vide-dressing-retro-illustratif-coloree-1448x2048.jpg 1448w, https:\/\/lamiecynophile.fr\/wp-content\/uploads\/2026\/03\/Copie-de-Copie-de-Affiche-evenement-vide-dressing-retro-illustratif-coloree-600x849.jpg 600w, https:\/\/lamiecynophile.fr\/wp-content\/uploads\/2026\/03\/Copie-de-Copie-de-Affiche-evenement-vide-dressing-retro-illustratif-coloree.jpg 1587w\" sizes=\"auto, (max-width: 724px) 100vw, 724px\" \/><\/figure><\/div>\n\n\n<p>Visiteur : entr\u00e9e libre<\/p>\n\n\n\n<p>concurrents : 20 euros, 20 participants maximum, inscription ici : https:\/\/lamiecynophile.fr\/?product=dogs-game<\/p>\n\n\n\n<p><\/p>\n\n\n\n<p><strong><u>R\u00e8glement des jeux :<\/u><\/strong><\/p>\n\n\n\n<p>Inspir\u00e9 de la s\u00e9rie \u00e0 succ\u00e8s Squid games, les Dogs game mettent en concurrence 20 chiens (maximum) &nbsp;dans des jeux pour remporter le gros lot jamais mis en jeux par l\u2019amie cynophile, cette caisse remplie de cadeau pour votre chien (des jouets, des friandises, des bons cadeaux\u2026.) et la coupe du vainqueur.<\/p>\n\n\n\n<p>A chaque \u00e9preuve les concurrents remportent des points selon leur r\u00e9ussite, les 3 concurrents avec le plus de points participeront \u00e0 l&rsquo;avant derni\u00e8re \u00e9preuve et les 2 restants \u00e0 la derni\u00e8re pour d\u00e9terminer le gagnant !<\/p>\n\n\n\n<p>Les jeux auxquelles vous participerez seront parfois \u00e0 jouer seul en concurrence avec les autres, soit par \u00e9quipe dans laquelle vous jouerez ensemble contre les \u00e9quipes, mais attention les autres joueurs ou \u00e9quipes peuvent vous faire \u00e9liminer mais aussi sur certains jeux votre propre \u00e9quipe peut signer votre perte&nbsp;!<\/p>\n\n\n\n<p>Pour mieux comprendre le principe des jeux avant de vous lancer vous pouvez regarder sur Netflix la S\u00e9rie Squid games, attention dans la s\u00e9rie les jeux sont des jeux mortels, si vous \u00eates sensibles \u00e0 ce type de contenu je vous la d\u00e9conseille (WARNING violence, sexe, corruption, vulgarit\u00e9\u2026.) \u00e0 la place vous pouvez regarder sur Amazon Prime le jeu \u00ab&nbsp;Beast Games&nbsp;\u00bb cr\u00e9e par Mr Beast, le c\u00e9l\u00e8bre Youtubeur am\u00e9ricain qui fait concourir 1&nbsp;000 participants pour gagner les 5&nbsp;000&nbsp;000 de dollars mis en jeux&nbsp; qui vient juste de sortir sur la plateforme et personne ne meurt&nbsp;\ud83d\ude09<\/p>\n\n\n\n<p>Tout participant repartira avec son t-shirt de l\u2019\u00e9v\u00e9nement ainsi qu\u2019un petit cadeau surprise.<\/p>\n\n\n\n<p>25 places disponibles pour participer aux dogs games, Cl\u00f4ture des inscriptions le 10 avril !<\/p>\n\n\n\n<p>Dress code obligatoire : haut noir uni (manche longue ou courte au choix), bas jean (short, jupe, ou pantalon au choix). Un T-shirt ainsi qu&rsquo;un brassard&nbsp; vous sera remis<\/p>\n\n\n\n<p>Une photo type portrait du participant et de son chien doit \u00eatre fournie \u00e0 l\u2019inscription (la photo devra imiter celle en exemple)<\/p>\n\n\n\n<p>Vous devrez arriver \u00e0 partir de 9h (9h30 au plus tard), Breafing \u00e0 9h45, d\u00e9but des \u00e9preuves 10h00, les \u00e9preuves s\u2019\u00e9taleront sur la journ\u00e9e.<\/p>\n\n\n\n<p>Petit d\u00e9jeuner offert pour les participants&nbsp;(servie entre 9h et 10h)<\/p>\n\n\n\n<p>Pour s\u2019inscrire votre chien doit avoir au minimum 6 mois, \u00eatre vaccin\u00e9s et obligatoirement \u00eatre sociable humain et cong\u00e9n\u00e8re. Toute agression de la part d&rsquo;un chien (ou d&rsquo;un humain \ud83d\ude09 ) fera l&rsquo;objet d&rsquo;une disqualification.<\/p>\n\n\n\n<p>Tout manque de fairplay ou de civisme (envers les autres joueurs, le staff ou les chiens) entrainera une \u00e9limination imm\u00e9diate et irr\u00e9vocable.<\/p>\n\n\n\n<p>Un retard ou une absence \u00e0 l\u2019une des \u00e9preuves pour laquelle vous \u00eates qualifi\u00e9s entrainera une \u00e9limination pour ce jeux<\/p>\n\n\n\n<p>Tout abandon est d\u00e9finitif.<\/p>\n\n\n\n<p>Les r\u00e8gles des jeux seront expliqu\u00e9es au d\u00e9marrage de chacun d\u2019eux. Aucune n\u00e9gociation sur celles-ci ne sera possible.<\/p>\n\n\n\n<p>Des pauses entre les \u00e9preuves vous permettra de profiter de la journ\u00e9e et des diff\u00e9rents stands ainsi que de d\u00e9tendre vos chiens et vous-m\u00eame.<\/p>\n\n\n\n<p>Les jeux sont con\u00e7u pour que tous puisse participer, s\u2019il ne vous ai demand\u00e9 de courir ce ne sera que sur une tr\u00e8s courte distance et finalement votre vitesse de course ne d\u00e9terminera pas votre capacit\u00e9 \u00e0 gagner l\u2019\u00e9preuve. Niveau ob\u00e9issance, certains jeux ne demande aucun niveau de dressage sp\u00e9cifique d\u2019autre un peu plus mais que du basique (toujours dans l\u2019id\u00e9e d\u2019\u00eatre accessible \u00e0 tous)&nbsp;: assis ou coucher, rappel, pas bouger<\/p>\n\n\n\n<p>Pas de remboursement en cas d\u2019annulation mois de 15 jours \u00e0 l\u2019avance.<\/p>\n\n\n\n<p>Apr\u00e8s avoir r\u00e9gl\u00e9 votre inscription, t\u00e9l\u00e9chargez le bulletin d\u2019inscription \u00e0 me retourner compl\u00e9t\u00e9 au plus vite pour terminer votre inscription (lien vers le fichier disponible sur la page de confirmation de commande valid\u00e9e et dans votre boite mail dans le mail de confirmation de commande).<\/p>\n","protected":false},"excerpt":{"rendered":"<p>Envie de passer une journ\u00e9e amusante tout en essayant de remporter le gros lot ? Le Dogs Game sont l\u00e0 pour la deuxi\u00e8me ann\u00e9e cons\u00e9cutive. Qu&rsquo;est ce que c&rsquo;est ? Le dogs game, c&rsquo;est une journ\u00e9e de rassemblement de passionn\u00e9 des chiens, un regroupement de professionnels venu juste pour vous, pour vous pr\u00e9senter leurs activit\u00e9s &hellip; <\/p>\n","protected":false},"author":1,"featured_media":0,"parent":0,"menu_order":0,"comment_status":"closed","ping_status":"closed","template":"","meta":{"footnotes":""},"class_list":["post-2833","page","type-page","status-publish","hentry"],"jetpack_sharing_enabled":true,"_links":{"self":[{"href":"https:\/\/lamiecynophile.fr\/index.php?rest_route=\/wp\/v2\/pages\/2833","targetHints":{"allow":["GET"]}}],"collection":[{"href":"https:\/\/lamiecynophile.fr\/index.php?rest_route=\/wp\/v2\/pages"}],"about":[{"href":"https:\/\/lamiecynophile.fr\/index.php?rest_route=\/wp\/v2\/types\/page"}],"author":[{"embeddable":true,"href":"https:\/\/lamiecynophile.fr\/index.php?rest_route=\/wp\/v2\/users\/1"}],"replies":[{"embeddable":true,"href":"https:\/\/lamiecynophile.fr\/index.php?rest_route=%2Fwp%2Fv2%2Fcomments&post=2833"}],"version-history":[{"count":11,"href":"https:\/\/lamiecynophile.fr\/index.php?rest_route=\/wp\/v2\/pages\/2833\/revisions"}],"predecessor-version":[{"id":2960,"href":"https:\/\/lamiecynophile.fr\/index.php?rest_route=\/wp\/v2\/pages\/2833\/revisions\/2960"}],"wp:attachment":[{"href":"https:\/\/lamiecynophile.fr\/index.php?rest_route=%2Fwp%2Fv2%2Fmedia&parent=2833"}],"curies":[{"name":"wp","href":"https:\/\/api.w.org\/{rel}","templated":true}]}}