{"id":722,"date":"2022-03-04T19:21:25","date_gmt":"2022-03-04T18:21:25","guid":{"rendered":"http:\/\/lamiecynophile.fr\/?page_id=722"},"modified":"2022-03-08T21:01:39","modified_gmt":"2022-03-08T20:01:39","slug":"alpha-roll","status":"publish","type":"page","link":"https:\/\/lamiecynophile.fr\/?page_id=722","title":{"rendered":"Alpha Roll"},"content":{"rendered":"\n<p>\u00ab\u00a0Pour punir son chien et lui faire comprendre que vous \u00eates f\u00e2ch\u00e9 il faut le retourner sur le dos\u00a0\u00bb<\/p>\n\n\n\n<p><br>Conseil qu&rsquo;on entend encore trop souvent qui pourtant n&rsquo;a aucun fondement qui justifierait cette action. Quand on vous donne ce conseil on vous explique (si on vous donne une explication) que dans la nature un m\u00e2le dominant va affirmer sa sup\u00e9riorit\u00e9 en retournant le domin\u00e9&#8230;<\/p>\n\n\n\n<p>Sauf que<strong> c&rsquo;est faux<\/strong> !<\/p>\n\n\n\n<p>En effet, dans une communication canine saine, et en dehors de tout trouble de communication, jamais un chien n&rsquo;en retourne un autre, en cas de conflit entre deux chiens ils entrent dans une danse chor\u00e9graphi\u00e9e par des jeux de postures et mimiques (souvent impressionnante pour nous les humains mais rarement violente) et au bout d&rsquo;un moment plus ou moins long l&rsquo;un des deux va se montrer plus impressionnant et l&rsquo;autre va l\u00e2cher en adoptant des postures basses, de soumission selon l&rsquo;intensit\u00e9 du conflit comme la position sur le dos, queue entre les pattes, s&rsquo;il reste bien immobile l&rsquo;autre va s&rsquo;\u00e9loigner avec toute une danse de victoire. Il s&rsquo;agit bien du chien \u00ab\u00a0soumis\u00a0\u00bb qui se met sur le dos lui m\u00eame, \u00e0 aucun moment l&rsquo;autre ne l&rsquo;a retourn\u00e9.<\/p>\n\n\n\n<p><br> Un humain qui retourne son chien sur le dos n&rsquo;a donc aucun sens pour le chien \u00e0 part \u00eatre une agression et une intimidation ultime qui, en plus de briser tout lien avec lui, entra\u00eenera une augmentation de l&rsquo;agressivit\u00e9 par peur ou irritation de son humain.<br>On retrouve souvent se jeu de \u00ab\u00a0dominant\/domin\u00e9\u00a0\u00bb quand on observe deux chiens jouer ensemble l&rsquo;un des deux va se mettre sur le dos et bien souvent ils \u00e9changent les r\u00f4les en cours de partie.<\/p>\n\n\n\n<p>\u00a9 Copyright 2022 L&rsquo;amie cynophile<\/p>\n","protected":false},"excerpt":{"rendered":"<p>\u00ab\u00a0Pour punir son chien et lui faire comprendre que vous \u00eates f\u00e2ch\u00e9 il faut le retourner sur le dos\u00a0\u00bb Conseil qu&rsquo;on entend encore trop souvent qui pourtant n&rsquo;a aucun fondement qui justifierait cette action. Quand on vous donne ce conseil on vous explique (si on vous donne une explication) que dans la nature un m\u00e2le &hellip; <\/p>\n","protected":false},"author":1,"featured_media":0,"parent":0,"menu_order":0,"comment_status":"closed","ping_status":"closed","template":"","meta":{"footnotes":""},"class_list":["post-722","page","type-page","status-publish","hentry"],"jetpack_sharing_enabled":true,"_links":{"self":[{"href":"https:\/\/lamiecynophile.fr\/index.php?rest_route=\/wp\/v2\/pages\/722","targetHints":{"allow":["GET"]}}],"collection":[{"href":"https:\/\/lamiecynophile.fr\/index.php?rest_route=\/wp\/v2\/pages"}],"about":[{"href":"https:\/\/lamiecynophile.fr\/index.php?rest_route=\/wp\/v2\/types\/page"}],"author":[{"embeddable":true,"href":"https:\/\/lamiecynophile.fr\/index.php?rest_route=\/wp\/v2\/users\/1"}],"replies":[{"embeddable":true,"href":"https:\/\/lamiecynophile.fr\/index.php?rest_route=%2Fwp%2Fv2%2Fcomments&post=722"}],"version-history":[{"count":3,"href":"https:\/\/lamiecynophile.fr\/index.php?rest_route=\/wp\/v2\/pages\/722\/revisions"}],"predecessor-version":[{"id":756,"href":"https:\/\/lamiecynophile.fr\/index.php?rest_route=\/wp\/v2\/pages\/722\/revisions\/756"}],"wp:attachment":[{"href":"https:\/\/lamiecynophile.fr\/index.php?rest_route=%2Fwp%2Fv2%2Fmedia&parent=722"}],"curies":[{"name":"wp","href":"https:\/\/api.w.org\/{rel}","templated":true}]}}