{"id":735,"date":"2022-03-04T19:33:28","date_gmt":"2022-03-04T18:33:28","guid":{"rendered":"http:\/\/lamiecynophile.fr\/?page_id=735"},"modified":"2022-03-08T21:01:53","modified_gmt":"2022-03-08T20:01:53","slug":"notion-de-lheure","status":"publish","type":"page","link":"https:\/\/lamiecynophile.fr\/?page_id=735","title":{"rendered":"Notion de l&rsquo;heure"},"content":{"rendered":"\n<p>Aujourd&rsquo;hui on brise un mythe tr\u00e8s r\u00e9pandu : \u00ab\u00a0le chien n&rsquo;a pas la notion du temps\u00a0\u00bb.\u231a\ud83e\udd14\ud83e\uddd0<\/p>\n\n\n\n<p><br><strong>C&rsquo;est faux !<\/strong><br>Alors en effet, nos amis poilus ne savent pas lire l&rsquo;heure sur une horloge comme nous cependant ils savent tr\u00e8s bien faire la diff\u00e9rence entre une absence de 5 minutes et une absence de 5 heures et ce gr\u00e2ce \u00e0 ses sens.<\/p>\n\n\n\n<p><br>D&rsquo;abord, et le plus \u00e9vident, la vue avec la luminosit\u00e9, et oui nos amis se rendent bien compte que la journ\u00e9e avance en suivant la progression du soleil dans le ciel (et donc la luminosit\u00e9 dans la maison).\ud83c\udf15\u2600\ufe0f<\/p>\n\n\n\n<p>Ensuite l&rsquo;odorat, chaque moment de la journ\u00e9e \u00e0 son odeur, d&rsquo;abord au sein de la maison, odeur du gel douche du soir, du caf\u00e9 le matin&#8230; Mais \u00e9galement \u00e0 l&rsquo;ext\u00e9rieur de la maison, le chien va \u00eatre capable de desceller une odeur bien particuli\u00e8re dans l&rsquo;air \u00e0 chaque moment de la journ\u00e9e gr\u00e2ce aux plantes qui vont \u00e9mettre des odeurs diff\u00e9rentes selon le moment de la journ\u00e9e, aux odeurs d&rsquo;\u00e9chappement de la circulation etc&#8230;\u2615\ud83c\udf38\ud83c\udf31\u26fd<\/p>\n\n\n\n<p>Gr\u00e2ce \u00e0 son ou\u00efe, il entendra les oiseaux le matin, les bruits de la circulation qui s&rsquo;intensifient \u00e0 certaines heures, les petits animaux et insectes qui sortent selon des horaires bien pr\u00e9cis. \ud83d\udc00\ud83e\udd89\ud83d\ude97<\/p>\n\n\n\n<p>Ensuite gr\u00e2ce \u00e0 vous, si votre vie est r\u00e9gl\u00e9e comme une horloge il va se caler \u00e0 elle et si tous les matin \u00e0 7h vous vous levez, vous partez \u00e0 8h vous rentrer \u00e0 12h puis repartez \u00e0 13h et revenez \u00e0 nouveau \u00e0 18h, puis mangez \u00e0 20h et vous couchez \u00e0 23h, vous remarquerez vite qu&rsquo;il apprendra \u00e0 anticiper vos sorties et retours.<\/p>\n\n\n\n<p>Ensuite gr\u00e2ce \u00e0 son horloge biologique, la faim, son envie de faire ses besoins, son besoin de sommeil et d&rsquo;activit\u00e9&#8230; Si \u00e0 8h vous le nourrissez, vous pouvez \u00eatre s\u00fbr qu&rsquo;il va vite se rendre compte qu&rsquo;il passe 24 heures sans manger, idem pour le pipi, entre 1 heure entre deux sorties hygi\u00e9niques et 10 heures il va vite faire la diff\u00e9rence (\u00ab\u00a0vite \u00e7a urg'\u00a0\u00bb \ud83d\ude02).\ud83e\udd24\ud83d\ude30\ud83d\ude23<\/p>\n\n\n\n<p><br>Faites l&rsquo;exp\u00e9rience si vous rentrez tous les jours de la semaine \u00e0 la m\u00eame heure, placez une cam\u00e9ra et observez le quand vient l&rsquo;heure de votre retour, de nombreux chiens commencent \u00e0 se rapprocher de la porte d&rsquo;entr\u00e9e pour \u00eatre pr\u00e8s \u00e0 accueillir leur humain \ud83d\ude0a\ud83d\udc36.<\/p>\n\n\n\n<p><br>Alors cessons de nous mentir pour nous rassurer et nous d\u00e9culpabiliser, OUI, le chien se rend compte qu&rsquo;il est rest\u00e9 tout seul plus longtemps que les autres fois, oui il voit la journ\u00e9e pass\u00e9e et peut s&rsquo;ennuyer. Mais rassurez vous, la solitude et g\u00e9rer son ennuie \u00e7a s&rsquo;apprend, pour peu qu&rsquo;on lui permettre de s&rsquo;\u00e9clater et se d\u00e9penser quand vous \u00eates avec lui bien \u00e9videmment \ud83d\ude01. <\/p>\n\n\n\n<p>\u00a9 Copyright 2022 L&rsquo;amie cynophile<\/p>\n","protected":false},"excerpt":{"rendered":"<p>Aujourd&rsquo;hui on brise un mythe tr\u00e8s r\u00e9pandu : \u00ab\u00a0le chien n&rsquo;a pas la notion du temps\u00a0\u00bb.\u231a\ud83e\udd14\ud83e\uddd0 C&rsquo;est faux !Alors en effet, nos amis poilus ne savent pas lire l&rsquo;heure sur une horloge comme nous cependant ils savent tr\u00e8s bien faire la diff\u00e9rence entre une absence de 5 minutes et une absence de 5 heures et &hellip; <\/p>\n","protected":false},"author":1,"featured_media":0,"parent":0,"menu_order":0,"comment_status":"closed","ping_status":"closed","template":"","meta":{"footnotes":""},"class_list":["post-735","page","type-page","status-publish","hentry"],"jetpack_sharing_enabled":true,"_links":{"self":[{"href":"https:\/\/lamiecynophile.fr\/index.php?rest_route=\/wp\/v2\/pages\/735","targetHints":{"allow":["GET"]}}],"collection":[{"href":"https:\/\/lamiecynophile.fr\/index.php?rest_route=\/wp\/v2\/pages"}],"about":[{"href":"https:\/\/lamiecynophile.fr\/index.php?rest_route=\/wp\/v2\/types\/page"}],"author":[{"embeddable":true,"href":"https:\/\/lamiecynophile.fr\/index.php?rest_route=\/wp\/v2\/users\/1"}],"replies":[{"embeddable":true,"href":"https:\/\/lamiecynophile.fr\/index.php?rest_route=%2Fwp%2Fv2%2Fcomments&post=735"}],"version-history":[{"count":3,"href":"https:\/\/lamiecynophile.fr\/index.php?rest_route=\/wp\/v2\/pages\/735\/revisions"}],"predecessor-version":[{"id":757,"href":"https:\/\/lamiecynophile.fr\/index.php?rest_route=\/wp\/v2\/pages\/735\/revisions\/757"}],"wp:attachment":[{"href":"https:\/\/lamiecynophile.fr\/index.php?rest_route=%2Fwp%2Fv2%2Fmedia&parent=735"}],"curies":[{"name":"wp","href":"https:\/\/api.w.org\/{rel}","templated":true}]}}