{"id":740,"date":"2022-03-08T15:59:42","date_gmt":"2022-03-08T14:59:42","guid":{"rendered":"http:\/\/lamiecynophile.fr\/?page_id=740"},"modified":"2022-06-05T21:28:11","modified_gmt":"2022-06-05T19:28:11","slug":"origines-du-chien","status":"publish","type":"page","link":"https:\/\/lamiecynophile.fr\/?page_id=740","title":{"rendered":"Origines du chien"},"content":{"rendered":"\n<p>Mais ils viennent d&rsquo;o\u00f9 nos chers toutous ?<\/p>\n\n\n\n<p><\/p>\n\n\n\n<p>Il y a 100 millions d&rsquo;ann\u00e9es, alors que les dinosaures peuplaient encore notre belle plan\u00e8te (extinction des dinosaures il y a 66 millions d&rsquo;ann\u00e9es), apparaissaient deux grandes familles de mammif\u00e8res placentaires carnivores.<br>D&rsquo;abord, la famille des Mesonychides, du latin Mesonychidae qui signifie \u00ab\u00a0griffe du milieu\u00a0\u00bb nom donn\u00e9e car les premiers d&rsquo;entre eux \u00a0poss\u00e9daient 5 doigts munies de griffe contrairement \u00e0 leurs cousins de la famille des Artiodactyles qui n&rsquo;en avait que 4. Parmi eux on trouvait l&rsquo;Andrewsarchus (mesurant 1.40m et pesant jusqu&rsquo;\u00e0 800kg) et le Mesonyx (mesurant 70 cm et pendant entre 22 et 40 kg)<br>Puis la famille des Cr\u00e9odonts, qui vient du latin creodonta qui vient du grec Kreas qui signifie \u00ab\u00a0chaire\u00a0\u00bb et Odon qui signifie \u00ab\u00a0dent\u00a0\u00bb, nom qui vient du fait que leurs dents carnassi\u00e8res peu communes. On y trouve le Hyaenodont (avec ses 100 cm et son poids de 200 kg) et le Sarkastodon (haut de 125 cm et 200 \u00e0 400 kg).<br>C&rsquo;est gr\u00e2ce \u00e0 ce petit monde que par la suite les premiers canid\u00e9s, et donc les anc\u00eatres du chien, sont apparus.<\/p>\n\n\n\n<p>Les diff\u00e9rentes \u00e9tudes sur les origines du chiens ne sont pas toutes d&rsquo;accord sur l&rsquo;anc\u00eatre du \u00ab\u00a0Dire Wolf\u00a0\u00bb, Certains l&rsquo;affilie au Tomarctus, d&rsquo;autres au Leptocyon.<\/p>\n\n\n\n<p>Ce qui est surtout important sur cet arbre g\u00e9n\u00e9alogique c&rsquo;est le bas, le lien entre le loup et le chien, le chien et le loup de son que cousin, tout deux descendants du \u00ab\u00a0Dire Wolf\u00a0\u00bb. L&rsquo;ancienne croyance qui disait que le chien descendait du loup est donc fausse et donc on peut s&rsquo;inspirer du comportement du loup en \u00e9ducation canine mais pas de baser dessus surtout que le chien fait partie de nos vie depuis 15 000 ans et au fil du temps et des s\u00e9lections il a perdu la majorit\u00e9 de ses instincts primaires et pour la plupart un retour \u00e0 la vie sauvage et ind\u00e9pendante de l&rsquo;humain serait totalement impossible.<\/p>\n\n\n<div class=\"wp-block-image\">\n<figure class=\"aligncenter size-full\"><img loading=\"lazy\" decoding=\"async\" width=\"671\" height=\"1024\" src=\"https:\/\/lamiecynophile.fr\/wp-content\/uploads\/2022\/06\/genealogie-chien-1-671x1024-1.png\" alt=\"\" class=\"wp-image-891\" srcset=\"https:\/\/lamiecynophile.fr\/wp-content\/uploads\/2022\/06\/genealogie-chien-1-671x1024-1.png 671w, https:\/\/lamiecynophile.fr\/wp-content\/uploads\/2022\/06\/genealogie-chien-1-671x1024-1-600x916.png 600w, https:\/\/lamiecynophile.fr\/wp-content\/uploads\/2022\/06\/genealogie-chien-1-671x1024-1-197x300.png 197w, https:\/\/lamiecynophile.fr\/wp-content\/uploads\/2022\/06\/genealogie-chien-1-671x1024-1-39x60.png 39w\" sizes=\"auto, (max-width: 671px) 100vw, 671px\" \/><\/figure><\/div>\n\n\n<p>Sources  : \u00ab\u00a0<em>40 Million Years of Dog Evolution<\/em>\u00a0\u00bb de Bob Strauss, 17 ao\u00fbt 2019<\/p>\n\n\n\n<p>Images : www.prehistoric-fauna.com<\/p>\n\n\n\n<p>\u00a9 Copyright 2022 L&rsquo;amie cynophile<\/p>\n","protected":false},"excerpt":{"rendered":"<p>Mais ils viennent d&rsquo;o\u00f9 nos chers toutous ? Il y a 100 millions d&rsquo;ann\u00e9es, alors que les dinosaures peuplaient encore notre belle plan\u00e8te (extinction des dinosaures il y a 66 millions d&rsquo;ann\u00e9es), apparaissaient deux grandes familles de mammif\u00e8res placentaires carnivores.D&rsquo;abord, la famille des Mesonychides, du latin Mesonychidae qui signifie \u00ab\u00a0griffe du milieu\u00a0\u00bb nom donn\u00e9e car &hellip; <\/p>\n","protected":false},"author":1,"featured_media":0,"parent":0,"menu_order":0,"comment_status":"closed","ping_status":"closed","template":"","meta":{"footnotes":""},"class_list":["post-740","page","type-page","status-publish","hentry"],"jetpack_sharing_enabled":true,"_links":{"self":[{"href":"https:\/\/lamiecynophile.fr\/index.php?rest_route=\/wp\/v2\/pages\/740","targetHints":{"allow":["GET"]}}],"collection":[{"href":"https:\/\/lamiecynophile.fr\/index.php?rest_route=\/wp\/v2\/pages"}],"about":[{"href":"https:\/\/lamiecynophile.fr\/index.php?rest_route=\/wp\/v2\/types\/page"}],"author":[{"embeddable":true,"href":"https:\/\/lamiecynophile.fr\/index.php?rest_route=\/wp\/v2\/users\/1"}],"replies":[{"embeddable":true,"href":"https:\/\/lamiecynophile.fr\/index.php?rest_route=%2Fwp%2Fv2%2Fcomments&post=740"}],"version-history":[{"count":6,"href":"https:\/\/lamiecynophile.fr\/index.php?rest_route=\/wp\/v2\/pages\/740\/revisions"}],"predecessor-version":[{"id":893,"href":"https:\/\/lamiecynophile.fr\/index.php?rest_route=\/wp\/v2\/pages\/740\/revisions\/893"}],"wp:attachment":[{"href":"https:\/\/lamiecynophile.fr\/index.php?rest_route=%2Fwp%2Fv2%2Fmedia&parent=740"}],"curies":[{"name":"wp","href":"https:\/\/api.w.org\/{rel}","templated":true}]}}