{"id":741,"date":"2022-03-08T15:59:42","date_gmt":"2022-03-08T14:59:42","guid":{"rendered":"http:\/\/lamiecynophile.fr\/?page_id=741"},"modified":"2023-02-28T15:27:28","modified_gmt":"2023-02-28T14:27:28","slug":"education","status":"publish","type":"page","link":"https:\/\/lamiecynophile.fr\/?page_id=741","title":{"rendered":"Education"},"content":{"rendered":"\n<p><a href=\"https:\/\/lamiecynophile.fr\/?page_id=771\">Avant d&rsquo;adopter<\/a><br><a href=\"https:\/\/lamiecynophile.fr\/?page_id=702\">Dominance, hi\u00e9rarchie et leadership<\/a> ?<br><a href=\"https:\/\/lamiecynophile.fr\/?page_id=722\">Alpha Roll<\/a><\/p>\n\n\n\n<p><a href=\"https:\/\/lamiecynophile.fr\/?page_id=1265\">Recette pour une \u00e9ducation ou une r\u00e9\u00e9ducation r\u00e9ussie<\/a><br><\/p>\n","protected":false},"excerpt":{"rendered":"<p>Avant d&rsquo;adopterDominance, hi\u00e9rarchie et leadership ?Alpha Roll Recette pour une \u00e9ducation ou une r\u00e9\u00e9ducation r\u00e9ussie<\/p>\n","protected":false},"author":1,"featured_media":0,"parent":0,"menu_order":0,"comment_status":"closed","ping_status":"closed","template":"","meta":{"footnotes":""},"class_list":["post-741","page","type-page","status-publish","hentry"],"jetpack_sharing_enabled":true,"_links":{"self":[{"href":"https:\/\/lamiecynophile.fr\/index.php?rest_route=\/wp\/v2\/pages\/741","targetHints":{"allow":["GET"]}}],"collection":[{"href":"https:\/\/lamiecynophile.fr\/index.php?rest_route=\/wp\/v2\/pages"}],"about":[{"href":"https:\/\/lamiecynophile.fr\/index.php?rest_route=\/wp\/v2\/types\/page"}],"author":[{"embeddable":true,"href":"https:\/\/lamiecynophile.fr\/index.php?rest_route=\/wp\/v2\/users\/1"}],"replies":[{"embeddable":true,"href":"https:\/\/lamiecynophile.fr\/index.php?rest_route=%2Fwp%2Fv2%2Fcomments&post=741"}],"version-history":[{"count":6,"href":"https:\/\/lamiecynophile.fr\/index.php?rest_route=\/wp\/v2\/pages\/741\/revisions"}],"predecessor-version":[{"id":1269,"href":"https:\/\/lamiecynophile.fr\/index.php?rest_route=\/wp\/v2\/pages\/741\/revisions\/1269"}],"wp:attachment":[{"href":"https:\/\/lamiecynophile.fr\/index.php?rest_route=%2Fwp%2Fv2%2Fmedia&parent=741"}],"curies":[{"name":"wp","href":"https:\/\/api.w.org\/{rel}","templated":true}]}}