{"id":771,"date":"2022-04-07T16:47:09","date_gmt":"2022-04-07T14:47:09","guid":{"rendered":"http:\/\/lamiecynophile.fr\/?page_id=771"},"modified":"2022-06-25T20:21:28","modified_gmt":"2022-06-25T18:21:28","slug":"avant-dadopter","status":"publish","type":"page","link":"https:\/\/lamiecynophile.fr\/?page_id=771","title":{"rendered":"Avant d&rsquo;adopter"},"content":{"rendered":"\n<p>Avant d&rsquo;adopter il faut \u00eatre conscient de certains choses et se poser les bonnes questions.<\/p>\n\n\n\n<p><strong>La race <\/strong>:<br>\u00ab\u00a0Quelle race me correspond le mieux  ainsi qu&rsquo;\u00e0 mon style de vie ? \u00ab\u00a0<br>\u00ab\u00a0Vais-je pouvoir subvenir aux besoins physiques et mentaux de cette race ?\u00a0\u00bb<br>\u00ab\u00a0Suis-je r\u00e9ellement capable d&rsquo;assumer et de g\u00e9rer les particularit\u00e9s de tel ou tel race ?\u00a0\u00bb <br>Un Husky, un Malinois, un Beagle ou un Bouledogue Fran\u00e7ais ne demanderont pas les m\u00eames choses et n&rsquo;auront pas les m\u00eames besoins \u00e0 assouvir.<\/p>\n\n\n\n<p><\/p>\n\n\n\n<p><strong>La vie du chien : <\/strong><br>\u00ab\u00a0Si je me marie, si j&rsquo;ai des enfants, si le change de travail ou de ville encore de type d&rsquo;habitation, pourrais-je encore m&rsquo;occuper de lui ?\u00a0\u00bb<br>\u00ab\u00a0Suis-je r\u00e9ellement pr\u00eat \u00e0 m&rsquo;investir convenablement dans la vie d&rsquo;un chien ?\u00a0\u00bb Un chien \u00e7a demande de l&rsquo;investissement temporel :<br>&#8211; 1h min de balade par jour, tous les jours, toute l&rsquo;ann\u00e9e, par tous les temps.<br>&#8211; Du jeux \u00e0 la maison \u00e0 volont\u00e9 mais c&rsquo;est une case obligatoire !<br>&#8211; L&rsquo;\u00e9ducation qui peut demander 1h \u00e0 2h par jour d&rsquo;exercices positifs pour avoir un chien qui sait marcher correctement en laisse, qui sait parfaitement bien se comporter \u00e0 la maison lors de sa p\u00e9riode d&rsquo;\u00e9ducation. Son \u00e9ducation devra \u00e9galement \u00eatre entretenu toute sa vie (rien n&rsquo;est jamais acquit \u00e0 vie !)<br>&#8211; 30 min de soins par jour selon les races de chiens : les chiens \u00e0 poils longs doivent \u00eatre bross\u00e9s tous les jours, les oreilles tombantes de chiens comme le Basset demande d&rsquo;\u00eatre nettoy\u00e9es r\u00e9guli\u00e8rement. D&rsquo;\u00e9ventuels soins comme l&rsquo;entretien des coussinets, le nettoyage des yeux, la coupe des griffes &#8230;. L&rsquo;inspection du chien au retour des promenades risqu\u00e9es en p\u00e9riode de tiques etc etc.<br>&#8211; les c\u00e2lins \u00e9galement \u00e0 volont\u00e9 !<br>&#8211; M\u00e9nages : et oui, un chien va vous salir la maison, va mettre de l&rsquo;eau partout quand il boit, rentrer avec ses pattes mouill\u00e9es et vous laisser de jolis traces de pattes sur votre beau carrelage blanc, perdre ses poils (et parfois BEAUCOUP de poils) ! Parfois des b\u00eatises \u00e0 r\u00e9parer ou des pipis et caca \u00e0 nettoyer chiot mais \u00e9galement adultes, il peut leur arriver d&rsquo;\u00eatre malade ! Il m&rsquo;est arriv\u00e9e une fois de rentrer chez moi lors d&rsquo;une grosse journ\u00e9e pour une courte pause d\u00e9jeun\u00e9 et de trouver mon appartement plein de vomi et de caca partout \u00e0 cause d&rsquo;une super gastro&#8230; R\u00e9sultat, une heure de m\u00e9nage et de lutte contre mon propre estomac \u00e0 la place de mon repas ainsi qu&rsquo;un aller-retour chez le v\u00e9t\u00e9rinaire !<\/p>\n\n\n\n<p><\/p>\n\n\n\n<p><strong>Le co\u00fbt d&rsquo;un chien :<\/strong><br>Pour reprendre le \u00ab\u00a0vais-je pouvoir m&rsquo;occuper de ce chien toute sa vie ?\u00a0\u00bb Il faut bien \u00eatre conscient du co\u00fbt d&rsquo;un chien.<br><strong>&#8211; l&rsquo;achat :<\/strong> si on veut un chiot de race et \u00eatre s\u00fbr de ses origines, l&rsquo;\u00e9levage est la meilleure et l&rsquo;option la plus s\u00fbre, mais elle a un coup : entre 600 et 3 000 euros le chiot selon la race, l&rsquo;\u00e9levage et le p\u00e9digr\u00e9e et parfois encore plus ! <br>L&rsquo;adoption en refuge (pour donner une seconde chance \u00e0 un chien abandonn\u00e9) sera bien moins co\u00fbteuse mais une participation est presque toujours demand\u00e9e.<br>&#8211;<strong> l&rsquo;alimentation : <\/strong>pour une bonne alimentation comptez entre 50 et 80 euros le sac de 12 kg de croquette ! Et cela tous les mois pour un chien de 25 kg et plus souvent pour un plus grand chien.<br>&#8211; <strong>le v\u00e9t\u00e9rinaire<\/strong> : le chiot par g\u00e9n\u00e9ralement de son \u00e9levage avec son premier vaccin de fait, deux rappels sont n\u00e9cessaires, comptez environ 50 euros pour chacun (selon les v\u00e9t\u00e9rinaires), ensuite un rappel par an est n\u00e9cessaire. La st\u00e9rilisation \u00e9ventuelle de votre chien, en moyenne entre 150 et 200 euros pour un m\u00e2le et 200 et 400 euros pour une femelle. Sans compter \u00e9videmment, les bobos n\u00e9cessitant une intervention v\u00e9t\u00e9rinaire, les potentiels accidents, maladies ou autres op\u00e9rations et la cela peut tr\u00e8s vite chiffrer !<br>&#8211; <strong>les soins <\/strong>: Vermifuge, anti-puces et anti-tiques, qu&rsquo;ils soient chimiques ou naturels il faut prot\u00e9ger votre compagnon ! Comptez environ 15 euros pour un vermifuge chimique une fois tous les 6 mois et pour l&rsquo;anti-puces et anti-tiques cela peut monter \u00e0 80 euros par an. Les lotions pour les oreilles, les yeux&#8230;.<br>&#8211; <strong>l&rsquo;\u00e9ducation <\/strong>: C&rsquo;est votre premier chien et vous souhaitez tout bien faire ? Vous aurez besoin d&rsquo;un \u00e9ducateur canin pour vous accompagner sur l&rsquo;\u00e9ducation de votre chien. Vous avez d\u00e9j\u00e0 des notions d&rsquo;\u00e9ducation canine et votre chiot est adorable et sage ? Super ! Mais et si ce n&rsquo;\u00e9tait pas le cas ? Les comportements g\u00eanants et les troubles du comportement peuvent rapidement s&rsquo;installer, un \u00e9ducateur canin sera peut-\u00eatre n\u00e9cessaire. Comptez selon les \u00e9ducateurs entre 300 euros et 600 euros les 10 s\u00e9ances. Le prix n&rsquo;\u00e9tant jamais un gage de qualit\u00e9 !<br><\/p>\n\n\n\n<p><strong>L&rsquo;\u00e9ducation :<\/strong> <br>Un chien demande de l&rsquo;\u00e9ducation ! <br>\u00ab\u00a0Suis-je assez patient et investie pour \u00e9duquer mon chien ou mon chiot ?\u00a0\u00bb<br>Un chiot va tr\u00e8s probablement vous faire des pipi et des cacas dans la maison, et peut-\u00eatre tr\u00e8s souvent et tr\u00e8s longtemps selon l&rsquo;\u00e9ducation et le temps que vous allez lui accorder.<br>Il va \u00e9galement vous faire des b\u00eatises et peut \u00eatre vous d\u00e9truire des choses auxquels vous teniez.<br>Il ne sera JAMAIS le chien parfait ! Et surtout pas en un claquement de doigt. L&rsquo;\u00e9ducation est un art qui prend du temps et pour lequel il faut \u00eatre tr\u00e8s patient !<\/p>\n\n\n\n<p>\u00a9 Copyright 2022 L\u2019amie cynophile<\/p>\n\n\n\n<div class=\"wp-block-group\"><div class=\"wp-block-group__inner-container is-layout-flow wp-block-group-is-layout-flow\">\n<figure class=\"wp-block-gallery has-nested-images columns-default is-cropped wp-block-gallery-1 is-layout-flex wp-block-gallery-is-layout-flex\">\n<figure class=\"wp-block-image size-large\"><img loading=\"lazy\" decoding=\"async\" width=\"905\" height=\"1024\" data-id=\"777\" src=\"https:\/\/lamiecynophile.fr\/wp-content\/uploads\/2022\/04\/277919620_715759886506854_1185036318976980454_n-905x1024.jpg\" alt=\"\" class=\"wp-image-777\" srcset=\"https:\/\/lamiecynophile.fr\/wp-content\/uploads\/2022\/04\/277919620_715759886506854_1185036318976980454_n-905x1024.jpg 905w, https:\/\/lamiecynophile.fr\/wp-content\/uploads\/2022\/04\/277919620_715759886506854_1185036318976980454_n-600x679.jpg 600w, https:\/\/lamiecynophile.fr\/wp-content\/uploads\/2022\/04\/277919620_715759886506854_1185036318976980454_n-265x300.jpg 265w, https:\/\/lamiecynophile.fr\/wp-content\/uploads\/2022\/04\/277919620_715759886506854_1185036318976980454_n-768x869.jpg 768w, https:\/\/lamiecynophile.fr\/wp-content\/uploads\/2022\/04\/277919620_715759886506854_1185036318976980454_n-53x60.jpg 53w, https:\/\/lamiecynophile.fr\/wp-content\/uploads\/2022\/04\/277919620_715759886506854_1185036318976980454_n.jpg 1080w\" sizes=\"auto, (max-width: 905px) 100vw, 905px\" \/><figcaption>Apprentissage de la propret\u00e9<\/figcaption><\/figure>\n\n\n\n<figure class=\"wp-block-image size-large\"><img loading=\"lazy\" decoding=\"async\" width=\"1024\" height=\"768\" data-id=\"779\" src=\"https:\/\/lamiecynophile.fr\/wp-content\/uploads\/2022\/04\/277832977_693476195333399_4130568655623376712_n-1-1024x768.jpg\" alt=\"\" class=\"wp-image-779\" srcset=\"https:\/\/lamiecynophile.fr\/wp-content\/uploads\/2022\/04\/277832977_693476195333399_4130568655623376712_n-1-1024x768.jpg 1024w, https:\/\/lamiecynophile.fr\/wp-content\/uploads\/2022\/04\/277832977_693476195333399_4130568655623376712_n-1-600x450.jpg 600w, https:\/\/lamiecynophile.fr\/wp-content\/uploads\/2022\/04\/277832977_693476195333399_4130568655623376712_n-1-300x225.jpg 300w, https:\/\/lamiecynophile.fr\/wp-content\/uploads\/2022\/04\/277832977_693476195333399_4130568655623376712_n-1-768x576.jpg 768w, https:\/\/lamiecynophile.fr\/wp-content\/uploads\/2022\/04\/277832977_693476195333399_4130568655623376712_n-1-80x60.jpg 80w, https:\/\/lamiecynophile.fr\/wp-content\/uploads\/2022\/04\/277832977_693476195333399_4130568655623376712_n-1.jpg 1080w\" sizes=\"auto, (max-width: 1024px) 100vw, 1024px\" \/><figcaption>B\u00eatise 1<\/figcaption><\/figure>\n\n\n\n<figure class=\"wp-block-image size-large\"><img loading=\"lazy\" decoding=\"async\" width=\"1024\" height=\"768\" data-id=\"781\" src=\"https:\/\/lamiecynophile.fr\/wp-content\/uploads\/2022\/04\/277828967_4707375002707397_3472354291672646757_n-1024x768.jpg\" alt=\"\" class=\"wp-image-781\" srcset=\"https:\/\/lamiecynophile.fr\/wp-content\/uploads\/2022\/04\/277828967_4707375002707397_3472354291672646757_n-1024x768.jpg 1024w, https:\/\/lamiecynophile.fr\/wp-content\/uploads\/2022\/04\/277828967_4707375002707397_3472354291672646757_n-600x450.jpg 600w, https:\/\/lamiecynophile.fr\/wp-content\/uploads\/2022\/04\/277828967_4707375002707397_3472354291672646757_n-300x225.jpg 300w, https:\/\/lamiecynophile.fr\/wp-content\/uploads\/2022\/04\/277828967_4707375002707397_3472354291672646757_n-768x576.jpg 768w, https:\/\/lamiecynophile.fr\/wp-content\/uploads\/2022\/04\/277828967_4707375002707397_3472354291672646757_n-80x60.jpg 80w, https:\/\/lamiecynophile.fr\/wp-content\/uploads\/2022\/04\/277828967_4707375002707397_3472354291672646757_n.jpg 1080w\" sizes=\"auto, (max-width: 1024px) 100vw, 1024px\" \/><figcaption>B\u00eatise 2<\/figcaption><\/figure>\n\n\n\n<figure class=\"wp-block-image size-large\"><img loading=\"lazy\" decoding=\"async\" width=\"1024\" height=\"768\" data-id=\"782\" src=\"https:\/\/lamiecynophile.fr\/wp-content\/uploads\/2022\/04\/277825741_841782213896874_3061560552322812576_n-1024x768.jpg\" alt=\"\" class=\"wp-image-782\" srcset=\"https:\/\/lamiecynophile.fr\/wp-content\/uploads\/2022\/04\/277825741_841782213896874_3061560552322812576_n-1024x768.jpg 1024w, https:\/\/lamiecynophile.fr\/wp-content\/uploads\/2022\/04\/277825741_841782213896874_3061560552322812576_n-600x450.jpg 600w, https:\/\/lamiecynophile.fr\/wp-content\/uploads\/2022\/04\/277825741_841782213896874_3061560552322812576_n-300x225.jpg 300w, https:\/\/lamiecynophile.fr\/wp-content\/uploads\/2022\/04\/277825741_841782213896874_3061560552322812576_n-768x576.jpg 768w, https:\/\/lamiecynophile.fr\/wp-content\/uploads\/2022\/04\/277825741_841782213896874_3061560552322812576_n-1536x1152.jpg 1536w, https:\/\/lamiecynophile.fr\/wp-content\/uploads\/2022\/04\/277825741_841782213896874_3061560552322812576_n-80x60.jpg 80w, https:\/\/lamiecynophile.fr\/wp-content\/uploads\/2022\/04\/277825741_841782213896874_3061560552322812576_n.jpg 1560w\" sizes=\"auto, (max-width: 1024px) 100vw, 1024px\" \/><figcaption>La mue jour 1 ! <\/figcaption><\/figure>\n\n\n\n<figure class=\"wp-block-image size-large\"><img loading=\"lazy\" decoding=\"async\" width=\"768\" height=\"1024\" data-id=\"783\" src=\"https:\/\/lamiecynophile.fr\/wp-content\/uploads\/2022\/04\/277843936_299317562276987_7549294437598139194_n-1-768x1024.jpg\" alt=\"\" class=\"wp-image-783\" srcset=\"https:\/\/lamiecynophile.fr\/wp-content\/uploads\/2022\/04\/277843936_299317562276987_7549294437598139194_n-1-768x1024.jpg 768w, https:\/\/lamiecynophile.fr\/wp-content\/uploads\/2022\/04\/277843936_299317562276987_7549294437598139194_n-1-600x800.jpg 600w, https:\/\/lamiecynophile.fr\/wp-content\/uploads\/2022\/04\/277843936_299317562276987_7549294437598139194_n-1-225x300.jpg 225w, https:\/\/lamiecynophile.fr\/wp-content\/uploads\/2022\/04\/277843936_299317562276987_7549294437598139194_n-1-45x60.jpg 45w, https:\/\/lamiecynophile.fr\/wp-content\/uploads\/2022\/04\/277843936_299317562276987_7549294437598139194_n-1.jpg 1080w\" sizes=\"auto, (max-width: 768px) 100vw, 768px\" \/><figcaption>La mue jour 2 ! <\/figcaption><\/figure>\n<\/figure>\n<\/div><\/div>\n\n\n\n<div class=\"wp-block-group\"><div class=\"wp-block-group__inner-container is-layout-flow wp-block-group-is-layout-flow\">\n<figure class=\"wp-block-video aligncenter\"><video controls src=\"https:\/\/lamiecynophile.fr\/wp-content\/uploads\/2022\/04\/video-1641990277-1.mp4\"><\/video><\/figure>\n<\/div><\/div>\n\n\n\n<div class=\"wp-block-group\"><div class=\"wp-block-group__inner-container is-layout-flow wp-block-group-is-layout-flow\">\n<figure class=\"wp-block-video aligncenter\"><video controls src=\"https:\/\/lamiecynophile.fr\/wp-content\/uploads\/2022\/04\/video-1641990324-1.mp4\"><\/video><\/figure>\n<\/div><\/div>\n\n\n\n<figure class=\"wp-block-video aligncenter\"><video controls src=\"https:\/\/lamiecynophile.fr\/wp-content\/uploads\/2022\/04\/video-1641990272-1-2.mp4\"><\/video><\/figure>\n\n\n\n<figure class=\"wp-block-video aligncenter\"><video controls src=\"https:\/\/lamiecynophile.fr\/wp-content\/uploads\/2022\/04\/video-1641989983.mp4\"><\/video><\/figure>\n\n\n\n<p><\/p>\n\n\n\n<p>Alors vous avez bien pris en compte tout cela, bien r\u00e9fl\u00e9chi et vous \u00eates toujours motiv\u00e9s ? Bravo, vous \u00eates un futur super propri\u00e9taire de chien ! \ud83d\ude00<\/p>\n\n\n\n<p><\/p>\n\n\n\n<p>\u00a9 Copyright 2022 L\u2019amie cynophile<\/p>\n","protected":false},"excerpt":{"rendered":"<p>Avant d&rsquo;adopter il faut \u00eatre conscient de certains choses et se poser les bonnes questions. La race :\u00ab\u00a0Quelle race me correspond le mieux ainsi qu&rsquo;\u00e0 mon style de vie ? \u00ab\u00a0\u00ab\u00a0Vais-je pouvoir subvenir aux besoins physiques et mentaux de cette race ?\u00a0\u00bb\u00ab\u00a0Suis-je r\u00e9ellement capable d&rsquo;assumer et de g\u00e9rer les particularit\u00e9s de tel ou tel race &hellip; <\/p>\n","protected":false},"author":1,"featured_media":0,"parent":0,"menu_order":0,"comment_status":"closed","ping_status":"closed","template":"","meta":{"footnotes":""},"class_list":["post-771","page","type-page","status-publish","hentry"],"jetpack_sharing_enabled":true,"_links":{"self":[{"href":"https:\/\/lamiecynophile.fr\/index.php?rest_route=\/wp\/v2\/pages\/771","targetHints":{"allow":["GET"]}}],"collection":[{"href":"https:\/\/lamiecynophile.fr\/index.php?rest_route=\/wp\/v2\/pages"}],"about":[{"href":"https:\/\/lamiecynophile.fr\/index.php?rest_route=\/wp\/v2\/types\/page"}],"author":[{"embeddable":true,"href":"https:\/\/lamiecynophile.fr\/index.php?rest_route=\/wp\/v2\/users\/1"}],"replies":[{"embeddable":true,"href":"https:\/\/lamiecynophile.fr\/index.php?rest_route=%2Fwp%2Fv2%2Fcomments&post=771"}],"version-history":[{"count":7,"href":"https:\/\/lamiecynophile.fr\/index.php?rest_route=\/wp\/v2\/pages\/771\/revisions"}],"predecessor-version":[{"id":1002,"href":"https:\/\/lamiecynophile.fr\/index.php?rest_route=\/wp\/v2\/pages\/771\/revisions\/1002"}],"wp:attachment":[{"href":"https:\/\/lamiecynophile.fr\/index.php?rest_route=%2Fwp%2Fv2%2Fmedia&parent=771"}],"curies":[{"name":"wp","href":"https:\/\/api.w.org\/{rel}","templated":true}]}}