{"id":960,"date":"2022-06-14T15:09:13","date_gmt":"2022-06-14T13:09:13","guid":{"rendered":"https:\/\/lamiecynophile.fr\/?page_id=960"},"modified":"2024-09-01T20:48:02","modified_gmt":"2024-09-01T18:48:02","slug":"conditions-generales-de-vente","status":"publish","type":"page","link":"https:\/\/lamiecynophile.fr\/?page_id=960","title":{"rendered":"Conditions G\u00e9n\u00e9rales de vente"},"content":{"rendered":"\n<p><strong>Applicables \u00e0 compter du 12\/10\/2020<\/strong><\/p>\n\n\n\n<p><strong>Clause n\u00b0 1 : Objet et champ d\u2019application<\/strong><\/p>\n\n\n\n<p>Les conditions g\u00e9n\u00e9rales de vente d\u00e9crites ci-apr\u00e8s d\u00e9taillent les droits et obligations de la soci\u00e9t\u00e9 \u00ab&nbsp;L\u2019amie cynophile, M\u00e9lissa Richet EIRL&nbsp;\u00bb et de son client dans le cadre de la vente des marchandises suivantes&nbsp;:<\/p>\n\n\n\n<p>\u2013 prestations \u00e0 domicile&nbsp;:<\/p>\n\n\n\n<ul class=\"wp-block-list\">\n<li>Evaluation\n<ul class=\"wp-block-list\">\n<li>s\u00e9ances d\u2019\u00e9ducation individuelles<\/li>\n\n\n\n<li>S\u00e9ance de r\u00e9\u00e9ducation individuelle<\/li>\n\n\n\n<li>cours collectifs<\/li>\n\n\n\n<li>balades collectives<\/li>\n<\/ul>\n<\/li>\n<\/ul>\n\n\n\n<p>\u2013 cours en ligne<\/p>\n\n\n\n<p>&#8211; R\u00e9servation de prestations au centre canin<\/p>\n\n\n\n<ul class=\"wp-block-list\">\n<li>Evaluation\n<ul class=\"wp-block-list\">\n<li>Cours d\u2019\u00e9ducation individuel<\/li>\n\n\n\n<li>Cours d\u2019\u00e9ducation collectif<\/li>\n\n\n\n<li>Cours de r\u00e9\u00e9ducation individuel<\/li>\n\n\n\n<li>Cours de r\u00e9\u00e9ducation collectif<\/li>\n\n\n\n<li>Cours de sport canin individuel<\/li>\n\n\n\n<li>Cours de sport canin collectif<\/li>\n\n\n\n<li>Participation aux diff\u00e9rents stages<\/li>\n<\/ul>\n<\/li>\n<\/ul>\n\n\n\n<p>&#8211; Vente de boissons<\/p>\n\n\n\n<p>&#8211; Vente de snack<\/p>\n\n\n\n<p>&#8211; Vente de friandise pour chien<\/p>\n\n\n\n<p>&#8211; Location de jeu d\u2019intelligence ou de mat\u00e9riel de convalescence pour chien<\/p>\n\n\n\n<p>&#8211; Vente de laisse et collier fait main<\/p>\n\n\n\n<p>Toute commande, achat, r\u00e9servation effectu\u00e9e sur la boutique en ligne ou en direct avec \u00ab&nbsp;L\u2019amie Cynophile, M\u00e9lissa Richet EIRL&nbsp;\u00bb implique l\u2019adh\u00e9sion sans r\u00e9serve de l\u2019acheteur aux pr\u00e9sentes conditions g\u00e9n\u00e9rales de vente.<\/p>\n\n\n\n<p><strong>Clause n\u00b0 2 : Prix<\/strong><\/p>\n\n\n\n<p>Les prix des marchandises vendues sont ceux en vigueur au jour de la prise de commande. Ils sont libell\u00e9s en euros et calcul\u00e9s hors taxes. Par voie de cons\u00e9quence, ils seront major\u00e9s du taux de TVA et des frais de transport applicables au jour de la commande.<\/p>\n\n\n\n<p>L\u2019entreprise \u00ab&nbsp;L\u2019amie cynophile, M\u00e9lissa Richet EIRL&nbsp;\u00bb s\u2019accorde le droit de modifier ses tarifs \u00e0 tout moment. Toutefois, elle s\u2019engage \u00e0 facturer les marchandises command\u00e9es aux prix indiqu\u00e9s lors de l\u2019enregistrement de la commande.<\/p>\n\n\n\n<p><strong>Clause n\u00b0 3 : Rabais et ristournes<\/strong><\/p>\n\n\n\n<p>Les tarifs propos\u00e9s comprennent les rabais et ristournes que l\u2019entreprise \u00ab\u00a0L\u2019amie Cynophile, M\u00e9lissa Richet EIRL\u00a0\u00bb serait amen\u00e9e \u00e0 octroyer compte tenu de ses r\u00e9sultats ou de la prise en charge par l\u2019acheteur de certaines prestations.<\/p>\n\n\n\n<p><strong>Clause n\u00b0 4 : Code Promo <\/strong><\/p>\n\n\n\n<p>Sauf exception affich\u00e9e, les codes promo sont valables pour une dur\u00e9e de 1 an<\/p>\n\n\n\n<p><strong>Clause n\u00b0 5 : Escompte<\/strong><\/p>\n\n\n\n<p>Aucun escompte ne sera consenti en cas de paiement anticip\u00e9.<\/p>\n\n\n\n<p><strong>Clause n\u00b0 6 : Modalit\u00e9s de paiement<\/strong><\/p>\n\n\n\n<p>Le r\u00e8glement s\u2019effectue :<\/p>\n\n\n\n<p>&nbsp;&nbsp;&nbsp;&nbsp;&nbsp;&nbsp;&nbsp;&nbsp;&nbsp;&nbsp;&nbsp; \u2013 Pour les prestations de service&nbsp;:<\/p>\n\n\n\n<ul class=\"wp-block-list\">\n<li>soit par ch\u00e8que ;\n<ul class=\"wp-block-list\">\n<li>soit par virement imm\u00e9diat via Paylib (uniquement)<\/li>\n\n\n\n<li>soit pas esp\u00e8ce<\/li>\n<\/ul>\n<\/li>\n<\/ul>\n\n\n\n<p>\u2013 pour les commandes et r\u00e9servation en ligne&nbsp;:<\/p>\n\n\n\n<ul class=\"wp-block-list\">\n<li>par carte bancaire<\/li>\n<\/ul>\n\n\n\n<p>Les r\u00e8glements seront effectu\u00e9s aux conditions suivantes :<\/p>\n\n\n\n<ul class=\"wp-block-list\">\n<li>Paiement le jour de la prestation ou de la facturation&nbsp;de la marchandise\n<ul class=\"wp-block-list\">\n<li>&nbsp;<\/li>\n<\/ul>\n<\/li>\n<\/ul>\n\n\n\n<p><strong>Clause n\u00b0 7 : Retard de paiement<\/strong><\/p>\n\n\n\n<p>En cas de d\u00e9faut de paiement total ou partiel des marchandises livr\u00e9es \u00e0 l\u2019\u00e9ch\u00e9ance, l\u2019acheteur doit verser \u00e0 l\u2019entreprise \u00ab&nbsp;L\u2019amie Cynophile, M\u00e9lissa Richet EIRL&nbsp;\u00bb une p\u00e9nalit\u00e9 de retard \u00e9gale \u00e0 trois fois le taux de l\u2019int\u00e9r\u00eat l\u00e9gal.<\/p>\n\n\n\n<p>Le taux de l\u2019int\u00e9r\u00eat l\u00e9gal retenu est celui en vigueur au jour de la livraison des marchandises.<\/p>\n\n\n\n<p>A compter du 1er janvier 2015, le taux d\u2019int\u00e9r\u00eat l\u00e9gal sera r\u00e9vis\u00e9 tous les 6 mois&nbsp;(Ordonnance n\u00b02014-947 du 20 ao\u00fbt 2014).<\/p>\n\n\n\n<p>Cette p\u00e9nalit\u00e9 est calcul\u00e9e sur le montant TTC de la somme restant due, et court \u00e0 compter de la date d\u2019\u00e9ch\u00e9ance du prix sans qu\u2019aucune mise en demeure pr\u00e9alable ne soit n\u00e9cessaire.<\/p>\n\n\n\n<p>En sus des indemnit\u00e9s de retard, toute somme, y compris l\u2019acompte, non pay\u00e9e \u00e0 sa date d\u2019exigibilit\u00e9 produira de plein droit le paiement d\u2019une indemnit\u00e9 forfaitaire de 40 euros due au titre des frais de recouvrement.<\/p>\n\n\n\n<p>Articles 441-10 et D. 441-5 du code de commerce.<\/p>\n\n\n\n<p><strong>Clause n\u00b0 8 : Clause r\u00e9solutoire<\/strong><\/p>\n\n\n\n<p>Si dans les quinze jours qui suivent la mise en oeuvre de la clause \u00ab&nbsp;Retard de paiement&nbsp;\u00bb, l\u2019acheteur ne s\u2019est pas acquitt\u00e9 des sommes restant dues, la vente sera r\u00e9solue de plein droit et pourra ouvrir droit \u00e0 l\u2019allocation de dommages et int\u00e9r\u00eats au profit de la \u00ab&nbsp;L\u2019amie Cynophile, M\u00e9lissa Richet EIRL&nbsp;\u00bb .<\/p>\n\n\n\n<p><strong>Clause n\u00b0 9 : Clause de r\u00e9serve de propri\u00e9t\u00e9<\/strong><\/p>\n\n\n\n<p>L\u2019entreprise \u00ab&nbsp;L\u2019amie Cynophile, M\u00e9lissa Richet EIRL&nbsp;\u00bb conserve la propri\u00e9t\u00e9 des biens vendus jusqu\u2019au paiement int\u00e9gral du prix, en principal et en accessoires. \u00c0 ce titre, si l\u2019acheteur fait l\u2019objet d\u2019un redressement ou d\u2019une liquidation judiciaire, l\u2019entreprise \u00ab&nbsp;L\u2019amie Cynophile, M\u00e9lissa Richet EIRL&nbsp;\u00bb se r\u00e9serve le droit de revendiquer, dans le cadre de la proc\u00e9dure collective, les marchandises vendues et rest\u00e9es impay\u00e9es.<\/p>\n\n\n\n<p><strong>Clause n\u00b0 10 : Livraison<\/strong><\/p>\n\n\n\n<p>La livraison est effectu\u00e9e par la remise directe de la marchandise \u00e0 l\u2019acheteur au Centre d\u2019\u00e9ducation et de sport canin de l\u2019Amie Cynophile ou au domicile de l\u2019acheteur lors d\u2019une prestation de service.<\/p>\n\n\n\n<p>Le d\u00e9lai de livraison indiqu\u00e9 lors de l\u2019enregistrement de la commande n\u2019est donn\u00e9 qu\u2019\u00e0 titre indicatif et n\u2019est aucunement garanti.<\/p>\n\n\n\n<p>Par voie de cons\u00e9quence, tout retard raisonnable dans la livraison des produits ne pourra pas donner lieu au profit de l\u2019acheteur \u00e0 :<\/p>\n\n\n\n<ul class=\"wp-block-list\">\n<li>l\u2019allocation de dommages et int\u00e9r\u00eats ;<\/li>\n\n\n\n<li>l\u2019annulation de la commande.<\/li>\n<\/ul>\n\n\n\n<p>Le risque du transport est support\u00e9 en totalit\u00e9 par l\u2019acheteur.<\/p>\n\n\n\n<p>En cas de marchandises manquantes ou d\u00e9t\u00e9rior\u00e9es lors du transport, l\u2019acheteur devra formuler toutes les r\u00e9serves n\u00e9cessaires sur le bon de commande \u00e0 r\u00e9ception desdites marchandises. Ces r\u00e9serves devront \u00eatre, en outre, confirm\u00e9es par \u00e9crit dans les cinq jours suivant la livraison, par courrier recommand\u00e9 AR adress\u00e9 \u00e0 la soci\u00e9t\u00e9.<\/p>\n\n\n\n<p><strong>Clause n\u00b0 11 : Utilisation des espaces<\/strong><\/p>\n\n\n\n<p>Horaires&nbsp;: les horaires de r\u00e9servation doivent \u00eatre respect\u00e9s&nbsp;;<\/p>\n\n\n\n<p>Les espaces doivent \u00eatre lib\u00e9r\u00e9s \u00e0 l\u2019heure pr\u00e9cise, tout d\u00e9passement peut faire l\u2019objet d\u2019une facturation de 5 \u20ac par 5 min de d\u00e9passement.<\/p>\n\n\n\n<p>Un retard d\u2019arriv\u00e9e ne pourra en aucun cas faire l\u2019objet d\u2019un remboursement total ou partiel ni d\u00e9caler l\u2019heure de lib\u00e9ration des espaces.<\/p>\n\n\n\n<p>R\u00e8glement&nbsp;: les utilisateurs s\u2019engagent \u00e0 respecter le r\u00e8glement d\u2019utilisation sous peine de bannissement du centre.<\/p>\n\n\n\n<p><strong>Clause n\u00b0 12 \u00a0: Annulation des r\u00e9servations en ligne<\/strong><\/p>\n\n\n\n<p>Les espaces ne sont accessibles que sur r\u00e9servation via le site internet.<\/p>\n\n\n\n<p>Aucun remboursement ne peut \u00eatre effectu\u00e9 en cas d\u2019annulation moins de 7 jours avant la date de r\u00e9servation.<\/p>\n\n\n\n<p><strong>Clause n\u00b0 13 : Annulation des rendez-vous \u00e0 domicile<\/strong><\/p>\n\n\n\n<p>Toute annulation de moins de 48h avant le rendez-vous \u00e0 domicile fera l&rsquo;objet d&rsquo;une facturation de 50% de celui-ci. <br>Tout rendez-vous manqu\u00e9 sans annulation pr\u00e9alable sera factur\u00e9 dans son int\u00e9gralit\u00e9.<\/p>\n\n\n\n<p><strong>Clause n\u00b0 14 : Propri\u00e9t\u00e9 intellectuelle<\/strong><\/p>\n\n\n\n<p>Les articles, les protocoles d\u2019apprentissage, les protocoles de r\u00e9\u00e9ducation, les cours en ligne r\u00e9dig\u00e9s par \u00ab&nbsp;L\u2019amie cynophile, M\u00e9lissa Richet EIRL&nbsp;\u00bb restent sa propri\u00e9t\u00e9 et ne peuvent en aucun cas faire l\u2019objet d\u2019une reproduction ou utilisation sans son accord pr\u00e9alable et \u00e9crit.<\/p>\n\n\n\n<p><strong>Clause n\u00b0 15 : Force majeure<\/strong><\/p>\n\n\n\n<p>La responsabilit\u00e9 de la soci\u00e9t\u00e9 \u00ab&nbsp;L\u2019amie Cynophile, M\u00e9lissa Richet EIRL&nbsp;\u00bb ne pourra pas \u00eatre mise en oeuvre si la non-ex\u00e9cution ou le retard dans l\u2019ex\u00e9cution de l\u2019une de ses obligations d\u00e9crites dans les pr\u00e9sentes conditions g\u00e9n\u00e9rales de vente d\u00e9coule d\u2019un cas de force majeure. \u00c0 ce titre, la force majeure s\u2019entend de tout \u00e9v\u00e9nement ext\u00e9rieur, impr\u00e9visible et irr\u00e9sistible au sens de l\u2019article 1148 du Code civil.<\/p>\n\n\n\n<p><strong>Clause n\u00b0 16 : M\u00e9diation de la consommation.<\/strong><\/p>\n\n\n\n<p>En cas de litige non r\u00e9solu par une solution amiable et ayant fait l\u2019objet d\u2019une r\u00e9clamation \u00e9crite adress\u00e9e par le client consommateur \u00e0 l\u2019entreprise, vous pouvez soumettre le diff\u00e9rend au m\u00e9diateur de la consommation dont les coordonn\u00e9es sont les suivantes&nbsp;:<br>SNPCC &#8211; 239 Rue des Bottes &#8211; 01320 CHALAMONT<\/p>\n\n\n\n<p><a href=\"mailto:snpcc@snpcc.com\">snpcc@snpcc.com<\/a><\/p>\n\n\n\n<p>0892.681.341 (0.40\u20ac\/minute)<\/p>\n\n\n\n<p><strong>Clause n\u00b0 17 : Tribunal comp\u00e9tent<\/strong><\/p>\n\n\n\n<p>Tout litige relatif \u00e0 l\u2019interpr\u00e9tation et \u00e0 l\u2019ex\u00e9cution des pr\u00e9sentes conditions g\u00e9n\u00e9rales de vente est soumis au droit fran\u00e7ais.<\/p>\n\n\n\n<p>\u00c0 d\u00e9faut de r\u00e9solution amiable, le litige sera port\u00e9 devant le Tribunal de commerce de Angers.<\/p>\n\n\n\n<p>Fait aux Ponts de C\u00e9, le 12\/10\/2020<br>M\u00e9lissa Richet<\/p>\n\n\n\n<p><\/p>\n","protected":false},"excerpt":{"rendered":"<p>Applicables \u00e0 compter du 12\/10\/2020 Clause n\u00b0 1 : Objet et champ d\u2019application Les conditions g\u00e9n\u00e9rales de vente d\u00e9crites ci-apr\u00e8s d\u00e9taillent les droits et obligations de la soci\u00e9t\u00e9 \u00ab&nbsp;L\u2019amie cynophile, M\u00e9lissa Richet EIRL&nbsp;\u00bb et de son client dans le cadre de la vente des marchandises suivantes&nbsp;: \u2013 prestations \u00e0 domicile&nbsp;: \u2013 cours en ligne &#8211; &hellip; <\/p>\n","protected":false},"author":1,"featured_media":0,"parent":0,"menu_order":0,"comment_status":"closed","ping_status":"closed","template":"","meta":{"footnotes":""},"class_list":["post-960","page","type-page","status-publish","hentry"],"jetpack_sharing_enabled":true,"_links":{"self":[{"href":"https:\/\/lamiecynophile.fr\/index.php?rest_route=\/wp\/v2\/pages\/960","targetHints":{"allow":["GET"]}}],"collection":[{"href":"https:\/\/lamiecynophile.fr\/index.php?rest_route=\/wp\/v2\/pages"}],"about":[{"href":"https:\/\/lamiecynophile.fr\/index.php?rest_route=\/wp\/v2\/types\/page"}],"author":[{"embeddable":true,"href":"https:\/\/lamiecynophile.fr\/index.php?rest_route=\/wp\/v2\/users\/1"}],"replies":[{"embeddable":true,"href":"https:\/\/lamiecynophile.fr\/index.php?rest_route=%2Fwp%2Fv2%2Fcomments&post=960"}],"version-history":[{"count":4,"href":"https:\/\/lamiecynophile.fr\/index.php?rest_route=\/wp\/v2\/pages\/960\/revisions"}],"predecessor-version":[{"id":1871,"href":"https:\/\/lamiecynophile.fr\/index.php?rest_route=\/wp\/v2\/pages\/960\/revisions\/1871"}],"wp:attachment":[{"href":"https:\/\/lamiecynophile.fr\/index.php?rest_route=%2Fwp%2Fv2%2Fmedia&parent=960"}],"curies":[{"name":"wp","href":"https:\/\/api.w.org\/{rel}","templated":true}]}}