{"id":968,"date":"2022-06-17T10:40:08","date_gmt":"2022-06-17T08:40:08","guid":{"rendered":"https:\/\/lamiecynophile.fr\/?page_id=968"},"modified":"2022-07-18T14:59:17","modified_gmt":"2022-07-18T12:59:17","slug":"attention-chien-gentil","status":"publish","type":"page","link":"https:\/\/lamiecynophile.fr\/?page_id=968","title":{"rendered":"Attention chien gentil !"},"content":{"rendered":"\n<p><\/p>\n\n\n\n<p>Laissez-moi vous raconter une histoire.<br><br><\/p>\n\n\n\n<p>Polux, un gentil&nbsp; chien se prom\u00e8ne avec Amandine sa ma\u00eetresse, depuis qu\u2019il est petit c\u2019est un chien facile, gentil avec tout le monde chien et humain, en balade il ne va pas tr\u00e8s loin, il reste toujours dans le champ de vision de son propri\u00e9taire. Il adore ses copains chiens et il est&nbsp; toujours super content d\u2019en voir.<\/p>\n\n\n\n<p>Un jour pour leur balade quotidienne ils vont se balader dans un joli chemin de campagne quand tout \u00e0 coup, au bout de 30 min de balade, apparait au d\u00e9tour d\u2019un virage un autre bin\u00f4me Castor et Pauline, en voyant \u00ab&nbsp;gentil chien&nbsp;\u00bb, Pauline rappelle et rattache vite Castor, mais Polux court d\u00e9j\u00e0 ver Castor tout content de voir un copain, Pauline crie \u00e0 Amandine&nbsp;: \u00ab&nbsp;rappelez votre chien&nbsp;!!&nbsp;\u00bb<br>Amandine lui r\u00e9pond \u00ab&nbsp;Il est gentil&nbsp;! Polux au pied&nbsp;!\u00bb mais Polux n\u2019a jamais vraiment appris \u00e0 revenir au pied et il est d\u00e9j\u00e0 sur Castor et la bagarre \u00e9clate, Polux est bless\u00e9. Pauline qui travaillait la r\u00e9activit\u00e9 et l\u2019agressivit\u00e9 de son chien depuis plusieurs semaines avec une \u00e9ducatrice canin vient de voir tous ses efforts r\u00e9duit \u00e0 n\u00e9ant, Polux lui va devoir avoir des points de suture et commencera \u00e0 partir de ce jour \u00e0 aboyer et avoir peur des autres chiens qu\u2019il verra au loin.<\/p>\n\n\n\n<p><br>Une autre histoire&nbsp;:<\/p>\n\n\n\n<p>Pierre se balade avec Max, son chien est \u00e9galement un chien adorable, il adore tous les humains.<br>Un jour lors de leur balade quotidienne un enfant sur son v\u00e9lo les d\u00e9passe&nbsp;! Ni une ni deux il court apr\u00e8s le petit gar\u00e7on pour demander \u00e0 jour avec lui, l\u2019enfant prend peur et acc\u00e9l\u00e8re puis tombe. Les parents accourt, Pierre rattache Max qui tout content de voir le petit gar\u00e7on au sol qui crie et se&nbsp; d\u00e9bat (\u00ab&nbsp;trop bien il joue avec moi&nbsp;\u00bb). Le petit gar\u00e7on s\u2019est bless\u00e9 dans sa chute, entre les parents et Pierre le ton monte et ils d\u00e9cident de porter plainte, le petit gar\u00e7on aura peur des chiens pour les 10 prochaines ann\u00e9es de sa vie.<br><br><\/p>\n\n\n\n<p>Des sc\u00e9narios comme ceux-ci il y en a tous les jours.<br>Mes clients qui font appellent \u00e0 moi pour la r\u00e9activit\u00e9 de leur chien le vive tous les jours, ils n\u2019osent plus balader leur chien de peur de se retrouver face \u00e0 \u00ab&nbsp;un chien gentil&nbsp;\u00bb.<br>Beaucoup de chiens peureux ou simplement timides deviennent r\u00e9actifs voir agressifs \u00e0 cause des gentils chiens qui sont venus \u00e0 r\u00e9p\u00e9tition trop vite vers eux ou qui ont \u00e9t\u00e9 trop intrusifs et\/ou harceleur.<br><br>Avoir un gentil chien ne vous dispense pas de lui donner un minimum d\u2019\u00e9ducation pour lui \u00e9viter de se faire mordre pas un autre chien ou d\u2019effrayer des passants craignant les chiens.<br><br>Vous ne pouvez pas imposer votre chien aux autres aussi gentil soit-il.<br><br>Apprenez-lui \u00e0 revenir \u00e0 vous quand vous le rappelez et quand vous voyez des pi\u00e9tons, des joggeurs des v\u00e9los et des chiens, faites preuve de civisme et d\u2019empathie en imaginant que les personnes ou les autres chiens ont peur des autres chiens pour rendre la vie plus facile \u00e0 tout le monde.<\/p>\n\n\n\n<p>Petit rappel \u00e0 la loi&nbsp;\ud83d\ude00<br><br><\/p>\n\n\n\n<p>La loi vous impose de \u00ab&nbsp;tenir votre chien en laisse s\u2019il pr\u00e9sent un danger pour les personnes.&nbsp;\u00bb<\/p>\n\n\n\n<p>\u00ab&nbsp;Le r\u00e8glement sanitaire d\u00e9partemental pr\u00e9voit g\u00e9n\u00e9ralement que les chiens ne peuvent circuler sur la voie publique en zone urbaine que s&rsquo;ils sont tenus en laisse.<\/p>\n\n\n\n<p>Le maire peut aussi interdire l&rsquo;acc\u00e8s de certains lieux aux chiens m\u00eame tenus en laisse. Ces mesures sont affich\u00e9es \u00e0 l&rsquo;entr\u00e9e des jardins publics par exemple.<\/p>\n\n\n\n<ul class=\"wp-block-list\"><li><a href=\"https:\/\/lannuaire.service-public.fr\/\">Mairie<\/a><\/li><\/ul>\n\n\n\n<p>Dans les bois et for\u00eats, il est interdit de promener des chiens non tenus en laisse en dehors des all\u00e9es foresti\u00e8res pendant la p\u00e9riode du 15&nbsp;avril au 30&nbsp;juin.<\/p>\n\n\n\n<p>Il est interdit de laisser divaguer son chien dans les terres cultiv\u00e9es ou non, les pr\u00e9s, les vignes, les vergers, les bois et dans les marais et sur le bord des cours d&rsquo;eau, \u00e9tangs et lacs.<\/p>\n\n\n\n<p>Cela vise \u00e0 pr\u00e9venir la destruction des oiseaux et des esp\u00e8ces de gibier et \u00e0 favoriser leur repeuplement.<\/p>\n\n\n\n<p>Un chien est consid\u00e9r\u00e9 divaguant s&rsquo;il n&rsquo;est plus sous la surveillance effective de son ma\u00eetre et se trouve hors de port\u00e9e de voix ou de tout instrument sonore permettant son rappel.<\/p>\n\n\n\n<p>Cela ne s&rsquo;applique pas lors d&rsquo;une chasse ou dans le cas d&rsquo;un chien de garde d&rsquo;un troupeau.<\/p>\n\n\n\n<p>Un chien est aussi consid\u00e9r\u00e9 divaguant s&rsquo;il est \u00e9loign\u00e9 de son propri\u00e9taire ou de la personne qui en est responsable d&rsquo;une distance d\u00e9passant 100&nbsp;m\u00e8tres.<\/p>\n\n\n\n<p>Tout chien abandonn\u00e9, livr\u00e9 \u00e0 son seul instinct, est en \u00e9tat de divagation.<\/p>\n\n\n\n<p>Cela ne s&rsquo;applique pas au chien qui participait \u00e0 une chasse s&rsquo;il est d\u00e9montr\u00e9 que son propri\u00e9taire a tout entrepris pour le retrouver et le r\u00e9cup\u00e9rer, y compris apr\u00e8s la fin de la chasse.\u00a0\u00bb<\/p>\n\n\n\n<p>\u00a9 Copyright 2022 L\u2019amie cynophile<\/p>\n","protected":false},"excerpt":{"rendered":"<p>Laissez-moi vous raconter une histoire. Polux, un gentil&nbsp; chien se prom\u00e8ne avec Amandine sa ma\u00eetresse, depuis qu\u2019il est petit c\u2019est un chien facile, gentil avec tout le monde chien et humain, en balade il ne va pas tr\u00e8s loin, il reste toujours dans le champ de vision de son propri\u00e9taire. Il adore ses copains chiens &hellip; <\/p>\n","protected":false},"author":1,"featured_media":0,"parent":0,"menu_order":0,"comment_status":"closed","ping_status":"closed","template":"","meta":{"footnotes":""},"class_list":["post-968","page","type-page","status-publish","hentry"],"jetpack_sharing_enabled":true,"_links":{"self":[{"href":"https:\/\/lamiecynophile.fr\/index.php?rest_route=\/wp\/v2\/pages\/968","targetHints":{"allow":["GET"]}}],"collection":[{"href":"https:\/\/lamiecynophile.fr\/index.php?rest_route=\/wp\/v2\/pages"}],"about":[{"href":"https:\/\/lamiecynophile.fr\/index.php?rest_route=\/wp\/v2\/types\/page"}],"author":[{"embeddable":true,"href":"https:\/\/lamiecynophile.fr\/index.php?rest_route=\/wp\/v2\/users\/1"}],"replies":[{"embeddable":true,"href":"https:\/\/lamiecynophile.fr\/index.php?rest_route=%2Fwp%2Fv2%2Fcomments&post=968"}],"version-history":[{"count":3,"href":"https:\/\/lamiecynophile.fr\/index.php?rest_route=\/wp\/v2\/pages\/968\/revisions"}],"predecessor-version":[{"id":1049,"href":"https:\/\/lamiecynophile.fr\/index.php?rest_route=\/wp\/v2\/pages\/968\/revisions\/1049"}],"wp:attachment":[{"href":"https:\/\/lamiecynophile.fr\/index.php?rest_route=%2Fwp%2Fv2%2Fmedia&parent=968"}],"curies":[{"name":"wp","href":"https:\/\/api.w.org\/{rel}","templated":true}]}}