{"id":1501,"date":"2024-04-29T21:01:56","date_gmt":"2024-04-29T19:01:56","guid":{"rendered":"https:\/\/lamiecynophile.fr\/?post_type=product&#038;p=1501"},"modified":"2025-12-16T20:25:14","modified_gmt":"2025-12-16T19:25:14","slug":"education","status":"publish","type":"product","link":"https:\/\/lamiecynophile.fr\/?product=education","title":{"rendered":"Education au centre canin"},"content":{"rendered":"<p>Les cours d&rsquo;\u00e9ducation au centre permettront de travailler le \u00ab\u00a0dressage\u00a0\u00bb de votre chien :<\/p>\n<p>&#8211; marche en laisse<\/p>\n<p>&#8211; pas bouger<\/p>\n<p>&#8211; les positions de bases<\/p>\n<p>&#8211; le rappel<\/p>\n<p>Ainsi que de faire le point sur certains troubles du comportement qui n\u00e9cessiteront des photos et vid\u00e9os de votre domicile :<\/p>\n<p>&#8211; destruction<\/p>\n<p>&#8211; malpropret\u00e9<\/p>\n<p>Il ne pourra PAS \u00eatre travaill\u00e9 au centre Canin les probl\u00e8mes suivants :<\/p>\n<p>&#8211; R\u00e9activit\u00e9\/agressivit\u00e9 (cong\u00e9n\u00e8res, humains, voiture, velo, moto&#8230;)<\/p>\n<p>&#8211; la pr\u00e9dation<\/p>\n<p>&#8211; la protection de ressource<\/p>\n<p>&#8211; l&rsquo;anxi\u00e9t\u00e9 de solitude ou de s\u00e9paration<\/p>\n<p>Ces troubles n\u00e9cessitent une prise en charge dite \u00ab\u00a0\u00e0 domicile\u00a0\u00bb permettant de nous rencontrer \u00e0 votre domicile et d&rsquo;observer les comportements en contexte de votre chien ainsi que travailler en pr\u00e9sence des \u00e9l\u00e9ments perturbateurs dans les conditions id\u00e9ales.<\/p>\n<p>Le nombre de place en suivi a domicile \u00e9tant limit\u00e9e vous \u00eates susceptible d&rsquo;\u00eatre mis sur liste d&rsquo;attente.<\/p>\n<p>&nbsp;<\/p>\n<p><strong>R\u00e9servation :\u00a0<\/strong><\/p>\n<p>Nouveau client \u00e9ducation ? Premier contact par t\u00e9l\u00e9phone (le nombre de chiens suivis en \u00e9ducation au centre est limit\u00e9)<\/p>\n<p>Nombre de personne \u00ab\u00a0Personne\u00a0\u00bb = Nombre de chien<\/p>\n<p>Pensez \u00e0 m&rsquo;indiquer votre probl\u00e9matique ou vos besoins lors de votre r\u00e9servation !<\/p>\n<p>Un confirmation vous sera envoy\u00e9e par mail ou SMS dans les heures suivant votre r\u00e9servation.<\/p>\n<p>&nbsp;<\/p>\n<p>En r\u00e9servant un cours vous engagez \u00e0 respecter les termes du r\u00e8glement du Centre.<\/p>\n<p>&nbsp;<\/p>\n<p><strong><u>R\u00e8glement int\u00e9rieur<\/u><\/strong><\/p>\n<p>&nbsp;<\/p>\n<p><u>Responsabilit\u00e9\u00a0: <\/u><\/p>\n<p>Lors de la fr\u00e9quentation du centre votre chien est plac\u00e9 sous votre enti\u00e8re responsabilit\u00e9.<\/p>\n<p>Toute d\u00e9gradation du mat\u00e9riel, des terrains, des cl\u00f4tures peut faire l\u2019objet d\u2019une facturation.<\/p>\n<p>Vous \u00eates \u00e9galement totalement responsable de l\u2019int\u00e9grit\u00e9 physique et morale de votre chien. Il est de votre responsabilit\u00e9 de veiller \u00e0 son \u00e9chauffement, \u00e0 respecter les hauteurs d\u2019obstacles recommand\u00e9es ainsi que de veiller \u00e0 r\u00e9aliser un entrainement d\u2019une dur\u00e9e et d\u2019une intensit\u00e9 respectueuse.<\/p>\n<p>Vous devez \u00e9galement veiller \u00e0 ce que votre chien ne g\u00eane pas les autres utilisateurs, en ne le laissant pas aller au contact des humains et chiens sans l\u2019accord de ceux-ci.<\/p>\n<p>&nbsp;<\/p>\n<p><u>Horaires\u00a0:<\/u><\/p>\n<p>Les horaires de r\u00e9servation doivent \u00eatre respect\u00e9s\u00a0;<\/p>\n<p>Les espaces doivent \u00eatre lib\u00e9r\u00e9s \u00e0 l\u2019heure pr\u00e9cise, tout d\u00e9passement peut faire l\u2019objet d\u2019une facturation de 5 \u20ac par 5 min de d\u00e9passement\u00a0;<\/p>\n<p>Un retard d\u2019arriv\u00e9e ne pourra en aucun cas faire l\u2019objet d\u2019un remboursement total ou partiel ni d\u00e9caler la lib\u00e9ration des espaces.<\/p>\n<p>&nbsp;<\/p>\n<p><u>Acc\u00e8s au centre\u00a0: <\/u><\/p>\n<p>Le stationnement doit se faire sur les places de parking en amont du chemin en terre, le centre se d\u00e9gage de toute responsabilit\u00e9 en cas d\u2019amende en cas de stationnement en dehors des places.<\/p>\n<p>Aux abords du centre et dans le centre votre chien doit \u00eatre tenu en laisse.<\/p>\n<p>&nbsp;<\/p>\n<p><u>Club House\u00a0: <\/u><\/p>\n<p>L\u2019acc\u00e8s au club house est autoris\u00e9 \u00e0 votre chien si\u00a0:<\/p>\n<ul>\n<li>Il est tenu en laisse<\/li>\n<li>Il est propre<\/li>\n<li>Il est non destructeur<\/li>\n<li>Il est sociable<\/li>\n<li>Il ne devra pas aller voir les autres chiens pr\u00e9sents sans autorisation des propri\u00e9taires (m\u00eame s\u2019il est tr\u00e8s gentil)<\/li>\n<\/ul>\n<p>&nbsp;<\/p>\n<p><u>Incivilit\u00e9s\u00a0: <\/u><\/p>\n<p>Toute incivilit\u00e9 au personnel du centre, aux autres utilisateurs, aux autres chiens ou \u00e0 votre propre chien peut entrainer un bannissement du centre voir des poursuites.<\/p>\n<p>&nbsp;<\/p>\n<p><u>Propret\u00e9\u00a0: <\/u><\/p>\n<p>Vos chiens ne doivent ni uriner, ni d\u00e9f\u00e9quer sur les zones d\u2019entrainement. Merci de les emmener faire leurs besoins \u00e0 l\u2019ext\u00e9rieur avant l\u2019entrainement.<\/p>\n<p>En cas d\u2019accident, les d\u00e9jections doivent \u00eatre ramass\u00e9e et jet\u00e9 dans les poubelles pr\u00e9vues et les urines et traces de d\u00e9jection doivent \u00eatre rinc\u00e9es \u00e0 l\u2019eau vinaigr\u00e9e mise \u00e0 disposition.<\/p>\n<p>&nbsp;<\/p>\n<p><u>Trous\u00a0: <\/u><\/p>\n<p>Pour \u00e9viter la d\u00e9t\u00e9rioration et les risques de blessure il est interdit de laisser vos chiens creuser dans le centre. Tout trou creus\u00e9 par votre chien devra \u00eatre d\u00e9dommag\u00e9 \u00e0 hauteur de 2 euros le trou \ud83d\ude09<\/p>\n<p>&nbsp;<\/p>\n<p>&nbsp;<\/p>\n","protected":false},"excerpt":{"rendered":"<p>Lire la description avant de r\u00e9server \ud83d\ude42<\/p>\n","protected":false},"featured_media":1477,"template":"","meta":[],"product_brand":[],"product_cat":[17],"product_tag":[],"class_list":{"0":"post-1501","1":"product","2":"type-product","3":"status-publish","4":"has-post-thumbnail","6":"product_cat-uncategorized","8":"first","9":"instock","10":"virtual","11":"sold-individually","12":"purchasable","13":"product-type-booking"},"jetpack_sharing_enabled":true,"_links":{"self":[{"href":"https:\/\/lamiecynophile.fr\/index.php?rest_route=\/wp\/v2\/product\/1501","targetHints":{"allow":["GET"]}}],"collection":[{"href":"https:\/\/lamiecynophile.fr\/index.php?rest_route=\/wp\/v2\/product"}],"about":[{"href":"https:\/\/lamiecynophile.fr\/index.php?rest_route=\/wp\/v2\/types\/product"}],"wp:featuredmedia":[{"embeddable":true,"href":"https:\/\/lamiecynophile.fr\/index.php?rest_route=\/wp\/v2\/media\/1477"}],"wp:attachment":[{"href":"https:\/\/lamiecynophile.fr\/index.php?rest_route=%2Fwp%2Fv2%2Fmedia&parent=1501"}],"wp:term":[{"taxonomy":"product_brand","embeddable":true,"href":"https:\/\/lamiecynophile.fr\/index.php?rest_route=%2Fwp%2Fv2%2Fproduct_brand&post=1501"},{"taxonomy":"product_cat","embeddable":true,"href":"https:\/\/lamiecynophile.fr\/index.php?rest_route=%2Fwp%2Fv2%2Fproduct_cat&post=1501"},{"taxonomy":"product_tag","embeddable":true,"href":"https:\/\/lamiecynophile.fr\/index.php?rest_route=%2Fwp%2Fv2%2Fproduct_tag&post=1501"}],"curies":[{"name":"wp","href":"https:\/\/api.w.org\/{rel}","templated":true}]}}