{"id":2346,"date":"2025-06-26T20:48:56","date_gmt":"2025-06-26T18:48:56","guid":{"rendered":"https:\/\/lamiecynophile.fr\/?post_type=product&#038;p=2346"},"modified":"2025-07-04T16:30:39","modified_gmt":"2025-07-04T14:30:39","slug":"stage-decouverte-agility","status":"publish","type":"product","link":"https:\/\/lamiecynophile.fr\/?product=stage-decouverte-agility","title":{"rendered":"Stage d\u00e9couverte Agility"},"content":{"rendered":"<p>Vous h\u00e9sitez \u00e0 vous lancer dans l&rsquo;agility, vous avez envie de d\u00e9couvrir les ce sport dans une bonne ambiance ?<br \/>\nNe cherchez plus ce stage est fait pour vous !<\/p>\n<p>Pendant 3 heures vous d\u00e9couvrirez les bases de l&rsquo;agility tout en vous amusant avec votre chien !<\/p>\n<p>6 places uniquement<\/p>\n<p>Chiens sociables humains et cong\u00e9n\u00e8res uniquement<\/p>\n<p>Des courtes r\u00e9cr\u00e9es seront pr\u00e9vues pour les chiens qui auront tr\u00e8s envie de jouer avec leur copain<\/p>\n<p>&nbsp;<\/p>\n<p>&nbsp;<\/p>\n<p><strong>R\u00e9servation :\u00a0<\/strong><\/p>\n<p>Nombre de personne \u00ab\u00a0Personne\u00a0\u00bb = Nombre de chien<\/p>\n<p>Pensez \u00e0 m&rsquo;indiquer votre niveau ou vos besoins lors de votre r\u00e9servation !<\/p>\n<p>Un confirmation vous sera envoy\u00e9e par mail ou SMS dans les heures suivant votre r\u00e9servation.<\/p>\n<p>En r\u00e9servant un cours vous engagez \u00e0 respecter les termes du r\u00e8glement du Centre.<\/p>\n<p>&nbsp;<\/p>\n<p><strong><u>R\u00e8glement int\u00e9rieur<\/u><\/strong><\/p>\n<p>&nbsp;<\/p>\n<p><u>Responsabilit\u00e9\u00a0: <\/u><\/p>\n<p>Lors de la fr\u00e9quentation du centre votre chien est plac\u00e9 sous votre enti\u00e8re responsabilit\u00e9.<\/p>\n<p>Toute d\u00e9gradation du mat\u00e9riel, des terrains, des cl\u00f4tures peut faire l\u2019objet d\u2019une facturation.<\/p>\n<p>Vous \u00eates \u00e9galement totalement responsable de l\u2019int\u00e9grit\u00e9 physique et morale de votre chien. Il est de votre responsabilit\u00e9 de veiller \u00e0 son \u00e9chauffement, \u00e0 respecter les hauteurs d\u2019obstacles recommand\u00e9es ainsi que de veiller \u00e0 r\u00e9aliser un entrainement d\u2019une dur\u00e9e et d\u2019une intensit\u00e9 respectueuse.<\/p>\n<p>Vous devez \u00e9galement veiller \u00e0 ce que votre chien ne g\u00eane pas les autres utilisateurs, en ne le laissant pas aller au contact des humains et chiens sans l\u2019accord de ceux-ci.<\/p>\n<p>&nbsp;<\/p>\n<p><u>Horaires\u00a0:<\/u><\/p>\n<p>Les horaires de r\u00e9servation doivent \u00eatre respect\u00e9s\u00a0;<\/p>\n<p>Les espaces doivent \u00eatre lib\u00e9r\u00e9s \u00e0 l\u2019heure pr\u00e9cise, tout d\u00e9passement peut faire l\u2019objet d\u2019une facturation de 5 \u20ac par 5 min de d\u00e9passement\u00a0;<\/p>\n<p>Un retard d\u2019arriv\u00e9e ne pourra en aucun cas faire l\u2019objet d\u2019un remboursement total ou partiel ni d\u00e9caler la lib\u00e9ration des espaces.<\/p>\n<p>&nbsp;<\/p>\n<p><u>Acc\u00e8s au centre\u00a0: <\/u><\/p>\n<p>Le stationnement doit se faire sur les places de parking en amont du chemin en terre, le centre se d\u00e9gage de toute responsabilit\u00e9 en cas d\u2019amende en cas de stationnement en dehors des places.<\/p>\n<p>Aux abords du centre et dans le centre votre chien doit \u00eatre tenu en laisse.<\/p>\n<p>&nbsp;<\/p>\n<p><u>Club House\u00a0: <\/u><\/p>\n<p>L\u2019acc\u00e8s au club house est autoris\u00e9 \u00e0 votre chien si\u00a0:<\/p>\n<ul>\n<li>Il est tenu en laisse<\/li>\n<li>Il est propre<\/li>\n<li>Il est non destructeur<\/li>\n<li>Il est sociable<\/li>\n<li>Il ne devra pas aller voir les autres chiens pr\u00e9sents sans autorisation des propri\u00e9taires (m\u00eame s\u2019il est tr\u00e8s gentil)<\/li>\n<\/ul>\n<p>&nbsp;<\/p>\n<p><u>Incivilit\u00e9s\u00a0: <\/u><\/p>\n<p>Toute incivilit\u00e9 au personnel du centre, aux autres utilisateurs, aux autres chiens ou \u00e0 votre propre chien peut entrainer un bannissement du centre voir des poursuites.<\/p>\n<p>&nbsp;<\/p>\n<p><u>Propret\u00e9\u00a0: <\/u><\/p>\n<p>Vos chiens ne doivent ni uriner, ni d\u00e9f\u00e9quer sur les zones d\u2019entrainement. Merci de les emmener faire leurs besoins \u00e0 l\u2019ext\u00e9rieur avant l\u2019entrainement.<\/p>\n<p>En cas d\u2019accident, les d\u00e9jections doivent \u00eatre ramass\u00e9e et jet\u00e9 dans les poubelles pr\u00e9vues et les urines et traces de d\u00e9jection doivent \u00eatre rinc\u00e9es \u00e0 l\u2019eau vinaigr\u00e9e mise \u00e0 disposition.<\/p>\n<p>&nbsp;<\/p>\n<p><u>Trous\u00a0: <\/u><\/p>\n<p>Pour \u00e9viter la d\u00e9t\u00e9rioration et les risques de blessure il est interdit de laisser vos chiens creuser dans le centre. Tout trou creus\u00e9 par votre chien devra \u00eatre d\u00e9dommag\u00e9 \u00e0 hauteur de 2 euros le trou \ud83d\ude09<\/p>\n","protected":false},"excerpt":{"rendered":"<p>Entre agility et hoopers votre coeur balance ?<br \/>\nCe stage est fait pour vous !<\/p>\n<p>Bien lire la description avant de r\u00e9server !<\/p>\n","protected":false},"featured_media":1395,"template":"","meta":[],"product_brand":[],"product_cat":[17],"product_tag":[],"class_list":{"0":"post-2346","1":"product","2":"type-product","3":"status-publish","4":"has-post-thumbnail","6":"product_cat-uncategorized","8":"first","9":"instock","10":"virtual","11":"sold-individually","12":"purchasable","13":"product-type-booking"},"jetpack_sharing_enabled":true,"_links":{"self":[{"href":"https:\/\/lamiecynophile.fr\/index.php?rest_route=\/wp\/v2\/product\/2346","targetHints":{"allow":["GET"]}}],"collection":[{"href":"https:\/\/lamiecynophile.fr\/index.php?rest_route=\/wp\/v2\/product"}],"about":[{"href":"https:\/\/lamiecynophile.fr\/index.php?rest_route=\/wp\/v2\/types\/product"}],"wp:featuredmedia":[{"embeddable":true,"href":"https:\/\/lamiecynophile.fr\/index.php?rest_route=\/wp\/v2\/media\/1395"}],"wp:attachment":[{"href":"https:\/\/lamiecynophile.fr\/index.php?rest_route=%2Fwp%2Fv2%2Fmedia&parent=2346"}],"wp:term":[{"taxonomy":"product_brand","embeddable":true,"href":"https:\/\/lamiecynophile.fr\/index.php?rest_route=%2Fwp%2Fv2%2Fproduct_brand&post=2346"},{"taxonomy":"product_cat","embeddable":true,"href":"https:\/\/lamiecynophile.fr\/index.php?rest_route=%2Fwp%2Fv2%2Fproduct_cat&post=2346"},{"taxonomy":"product_tag","embeddable":true,"href":"https:\/\/lamiecynophile.fr\/index.php?rest_route=%2Fwp%2Fv2%2Fproduct_tag&post=2346"}],"curies":[{"name":"wp","href":"https:\/\/api.w.org\/{rel}","templated":true}]}}